{"id":348,"date":"2023-03-24T15:22:53","date_gmt":"2023-03-24T15:22:53","guid":{"rendered":"https:\/\/tomirguiasmallorca.com\/kontakt\/"},"modified":"2025-08-07T15:44:19","modified_gmt":"2025-08-07T15:44:19","slug":"kontakt","status":"publish","type":"page","link":"https:\/\/tomirguiasmallorca.com\/de\/kontakt\/","title":{"rendered":"Kontakt"},"content":{"rendered":"<p>[et_pb_section fb_built=&#8220;1&#8243; custom_padding_last_edited=&#8220;on|tablet&#8220; admin_label=&#8220;Contact Form&#8220; _builder_version=&#8220;4.16&#8243; custom_padding=&#8220;110px||110px|&#8220; custom_padding_tablet=&#8220;60px|||&#8220; custom_padding_phone=&#8220;&#8220; global_colors_info=&#8220;{}&#8220;][et_pb_row column_structure=&#8220;1_2,1_2&#8243; _builder_version=&#8220;4.16&#8243; background_size=&#8220;initial&#8220; background_position=&#8220;top_left&#8220; background_repeat=&#8220;repeat&#8220; global_colors_info=&#8220;{}&#8220;][et_pb_column type=&#8220;1_2&#8243; _builder_version=&#8220;4.16&#8243; custom_padding=&#8220;|||&#8220; global_colors_info=&#8220;{}&#8220; custom_padding__hover=&#8220;|||&#8220;][et_pb_text admin_label=&#8220;Contact Title&#8220; _builder_version=&#8220;4.16&#8243; locked=&#8220;off&#8220; global_colors_info=&#8220;{}&#8220;]<\/p>\n<h1>Kontakt mit uns<\/h1>\n<p>[\/et_pb_text][et_pb_divider color=&#8220;#ed4441&#8243; divider_position=&#8220;center&#8220; divider_weight=&#8220;3px&#8220; disabled_on=&#8220;off|off|off%22&#8243; admin_label=&#8220;Divider&#8220; _builder_version=&#8220;4.16&#8243; max_width=&#8220;150px&#8220; height=&#8220;false&#8220; custom_margin=&#8220;30px|||&#8220; animation_style=&#8220;slide&#8220; animation_direction=&#8220;top&#8220; animation_delay=&#8220;100ms&#8220; animation_intensity_slide=&#8220;10%&#8220; locked=&#8220;off&#8220; global_colors_info=&#8220;{}&#8220;][\/et_pb_divider][et_pb_text admin_label=&#8220;Contact Subtitle&#8220; _builder_version=&#8220;4.21.0&#8243; _module_preset=&#8220;b4c59cc2-8475-4745-8925-a77ffe841b83&#8243; locked=&#8220;off&#8220; global_colors_info=&#8220;{}&#8220;]<\/p>\n<p>Sie k\u00f6nnen sich auch telefonisch oder direkt per E-Mail an uns wenden. Unsere Mitarbeiter beantworten gerne alle Ihre Fragen.<\/p>\n<p>[\/et_pb_text][et_pb_text admin_label=&#8220;Contact Text&#8220; _builder_version=&#8220;4.21.0&#8243; locked=&#8220;off&#8220; global_colors_info=&#8220;{}&#8220;]<\/p>\n<p>Wir m\u00f6chten Sie daran erinnern, dass wir gef\u00fchrte Rundg\u00e4nge durch das historische Zentrum von Palma und die verschiedenen St\u00e4dte Mallorcas anbieten:<\/p>\n<p>[\/et_pb_text][\/et_pb_column][et_pb_column type=&#8220;1_2&#8243; _builder_version=&#8220;4.16&#8243; custom_padding=&#8220;|||&#8220; global_colors_info=&#8220;{}&#8220; custom_padding__hover=&#8220;|||&#8220;][et_pb_contact_form email=&#8220;info@tomirguiasmallorca.com&#8220; submit_button_text=&#8220;Senden Sie eine Nachricht&#8220; _builder_version=&#8220;4.27.4&#8243; hover_enabled=&#8220;0&#8243; use_border_color=&#8220;on&#8220; border_color=&#8220;rgba(0,0,0,0.12)&#8220; form_background_color=&#8220;#ffffff&#8220; locked=&#8220;off&#8220; global_colors_info=&#8220;{}&#8220; sticky_enabled=&#8220;0&#8243;][et_pb_contact_field field_id=&#8220;Nombre&#8220; field_title=&#8220;Name&#8220; _builder_version=&#8220;4.25.0&#8243; global_colors_info=&#8220;{}&#8220; button_text_size__hover_enabled=&#8220;off&#8220; button_one_text_size__hover_enabled=&#8220;off&#8220; button_two_text_size__hover_enabled=&#8220;off&#8220; button_text_color__hover_enabled=&#8220;off&#8220; button_one_text_color__hover_enabled=&#8220;off&#8220; button_two_text_color__hover_enabled=&#8220;off&#8220; button_border_width__hover_enabled=&#8220;off&#8220; button_one_border_width__hover_enabled=&#8220;off&#8220; button_two_border_width__hover_enabled=&#8220;off&#8220; button_border_color__hover_enabled=&#8220;off&#8220; button_one_border_color__hover_enabled=&#8220;off&#8220; button_two_border_color__hover_enabled=&#8220;off&#8220; button_border_radius__hover_enabled=&#8220;off&#8220; button_one_border_radius__hover_enabled=&#8220;off&#8220; button_two_border_radius__hover_enabled=&#8220;off&#8220; button_letter_spacing__hover_enabled=&#8220;off&#8220; button_one_letter_spacing__hover_enabled=&#8220;off&#8220; button_two_letter_spacing__hover_enabled=&#8220;off&#8220; button_bg_color__hover_enabled=&#8220;off&#8220; button_one_bg_color__hover_enabled=&#8220;off&#8220; button_two_bg_color__hover_enabled=&#8220;off&#8220;][\/et_pb_contact_field][et_pb_contact_field field_id=&#8220;Email&#8220; field_title=&#8220;E-Mail Adresse&#8220; field_type=&#8220;email&#8220; _builder_version=&#8220;4.16&#8243; global_colors_info=&#8220;{}&#8220; button_text_size__hover_enabled=&#8220;off&#8220; button_one_text_size__hover_enabled=&#8220;off&#8220; button_two_text_size__hover_enabled=&#8220;off&#8220; button_text_color__hover_enabled=&#8220;off&#8220; button_one_text_color__hover_enabled=&#8220;off&#8220; button_two_text_color__hover_enabled=&#8220;off&#8220; button_border_width__hover_enabled=&#8220;off&#8220; button_one_border_width__hover_enabled=&#8220;off&#8220; button_two_border_width__hover_enabled=&#8220;off&#8220; button_border_color__hover_enabled=&#8220;off&#8220; button_one_border_color__hover_enabled=&#8220;off&#8220; button_two_border_color__hover_enabled=&#8220;off&#8220; button_border_radius__hover_enabled=&#8220;off&#8220; button_one_border_radius__hover_enabled=&#8220;off&#8220; button_two_border_radius__hover_enabled=&#8220;off&#8220; button_letter_spacing__hover_enabled=&#8220;off&#8220; button_one_letter_spacing__hover_enabled=&#8220;off&#8220; button_two_letter_spacing__hover_enabled=&#8220;off&#8220; button_bg_color__hover_enabled=&#8220;off&#8220; button_one_bg_color__hover_enabled=&#8220;off&#8220; button_two_bg_color__hover_enabled=&#8220;off&#8220;][\/et_pb_contact_field][et_pb_contact_field field_id=&#8220;Telefono&#8220; field_title=&#8220;Telefon&#8220; allowed_symbols=&#8220;numbers&#8220; _builder_version=&#8220;4.25.0&#8243; global_colors_info=&#8220;{}&#8220; button_text_size__hover_enabled=&#8220;off&#8220; button_one_text_size__hover_enabled=&#8220;off&#8220; button_two_text_size__hover_enabled=&#8220;off&#8220; button_text_color__hover_enabled=&#8220;off&#8220; button_one_text_color__hover_enabled=&#8220;off&#8220; button_two_text_color__hover_enabled=&#8220;off&#8220; button_border_width__hover_enabled=&#8220;off&#8220; button_one_border_width__hover_enabled=&#8220;off&#8220; button_two_border_width__hover_enabled=&#8220;off&#8220; button_border_color__hover_enabled=&#8220;off&#8220; button_one_border_color__hover_enabled=&#8220;off&#8220; button_two_border_color__hover_enabled=&#8220;off&#8220; button_border_radius__hover_enabled=&#8220;off&#8220; button_one_border_radius__hover_enabled=&#8220;off&#8220; button_two_border_radius__hover_enabled=&#8220;off&#8220; button_letter_spacing__hover_enabled=&#8220;off&#8220; button_one_letter_spacing__hover_enabled=&#8220;off&#8220; button_two_letter_spacing__hover_enabled=&#8220;off&#8220; button_bg_color__hover_enabled=&#8220;off&#8220; button_one_bg_color__hover_enabled=&#8220;off&#8220; button_two_bg_color__hover_enabled=&#8220;off&#8220;][\/et_pb_contact_field][et_pb_contact_field field_id=&#8220;Mensaje&#8220; field_title=&#8220;Nachricht&#8220; field_type=&#8220;text&#8220; _builder_version=&#8220;4.25.0&#8243; global_colors_info=&#8220;{}&#8220; button_text_size__hover_enabled=&#8220;off&#8220; button_one_text_size__hover_enabled=&#8220;off&#8220; button_two_text_size__hover_enabled=&#8220;off&#8220; button_text_color__hover_enabled=&#8220;off&#8220; button_one_text_color__hover_enabled=&#8220;off&#8220; button_two_text_color__hover_enabled=&#8220;off&#8220; button_border_width__hover_enabled=&#8220;off&#8220; button_one_border_width__hover_enabled=&#8220;off&#8220; button_two_border_width__hover_enabled=&#8220;off&#8220; button_border_color__hover_enabled=&#8220;off&#8220; button_one_border_color__hover_enabled=&#8220;off&#8220; button_two_border_color__hover_enabled=&#8220;off&#8220; button_border_radius__hover_enabled=&#8220;off&#8220; button_one_border_radius__hover_enabled=&#8220;off&#8220; button_two_border_radius__hover_enabled=&#8220;off&#8220; button_letter_spacing__hover_enabled=&#8220;off&#8220; button_one_letter_spacing__hover_enabled=&#8220;off&#8220; button_two_letter_spacing__hover_enabled=&#8220;off&#8220; button_bg_color__hover_enabled=&#8220;off&#8220; button_one_bg_color__hover_enabled=&#8220;off&#8220; button_two_bg_color__hover_enabled=&#8220;off&#8220;][\/et_pb_contact_field][\/et_pb_contact_form][\/et_pb_column][\/et_pb_row][\/et_pb_section]<\/p>\n","protected":false},"excerpt":{"rendered":"<p>Kontakt mit unsSie k\u00f6nnen sich auch telefonisch oder direkt per E-Mail an uns wenden. Unsere Mitarbeiter beantworten gerne alle Ihre Fragen.Wir m\u00f6chten Sie daran erinnern, dass wir gef\u00fchrte Rundg\u00e4nge durch das historische Zentrum von Palma und die verschiedenen St\u00e4dte Mallorcas anbieten:<\/p>\n","protected":false},"author":1,"featured_media":0,"parent":0,"menu_order":0,"comment_status":"closed","ping_status":"closed","template":"","meta":{"_et_pb_use_builder":"on","_et_pb_old_content":"","_et_gb_content_width":"","footnotes":""},"class_list":["post-348","page","type-page","status-publish","hentry"],"yoast_head":"<!-- This site is optimized with the Yoast SEO plugin v27.3 - https:\/\/yoast.com\/product\/yoast-seo-wordpress\/ -->\n<title>Kontakt - Gu\u00edas Tur\u00edsticos Tomir<\/title>\n<meta name=\"robots\" content=\"index, follow, max-snippet:-1, max-image-preview:large, max-video-preview:-1\" \/>\n<link rel=\"canonical\" href=\"https:\/\/tomirguiasmallorca.com\/de\/kontakt\/\" \/>\n<meta property=\"og:locale\" content=\"de_DE\" \/>\n<meta property=\"og:type\" content=\"article\" \/>\n<meta property=\"og:title\" content=\"Kontakt - Gu\u00edas Tur\u00edsticos Tomir\" \/>\n<meta property=\"og:description\" content=\"Kontakt mit unsSie k\u00f6nnen sich auch telefonisch oder direkt per E-Mail an uns wenden. Unsere Mitarbeiter beantworten gerne alle Ihre Fragen.Wir m\u00f6chten Sie daran erinnern, dass wir gef\u00fchrte Rundg\u00e4nge durch das historische Zentrum von Palma und die verschiedenen St\u00e4dte Mallorcas anbieten:\" \/>\n<meta property=\"og:url\" content=\"https:\/\/tomirguiasmallorca.com\/de\/kontakt\/\" \/>\n<meta property=\"og:site_name\" content=\"Gu\u00edas Tur\u00edsticos Tomir\" \/>\n<meta property=\"article:modified_time\" content=\"2025-08-07T15:44:19+00:00\" \/>\n<meta name=\"twitter:card\" content=\"summary_large_image\" \/>\n<meta name=\"twitter:label1\" content=\"Gesch\u00e4tzte Lesezeit\" \/>\n\t<meta name=\"twitter:data1\" content=\"5\u00a0Minuten\" \/>\n<script type=\"application\/ld+json\" class=\"yoast-schema-graph\">{\"@context\":\"https:\\\/\\\/schema.org\",\"@graph\":[{\"@type\":\"WebPage\",\"@id\":\"https:\\\/\\\/tomirguiasmallorca.com\\\/de\\\/kontakt\\\/\",\"url\":\"https:\\\/\\\/tomirguiasmallorca.com\\\/de\\\/kontakt\\\/\",\"name\":\"Kontakt - Gu\u00edas Tur\u00edsticos Tomir\",\"isPartOf\":{\"@id\":\"https:\\\/\\\/tomirguiasmallorca.com\\\/de\\\/#website\"},\"datePublished\":\"2023-03-24T15:22:53+00:00\",\"dateModified\":\"2025-08-07T15:44:19+00:00\",\"breadcrumb\":{\"@id\":\"https:\\\/\\\/tomirguiasmallorca.com\\\/de\\\/kontakt\\\/#breadcrumb\"},\"inLanguage\":\"de\",\"potentialAction\":[{\"@type\":\"ReadAction\",\"target\":[\"https:\\\/\\\/tomirguiasmallorca.com\\\/de\\\/kontakt\\\/\"]}]},{\"@type\":\"BreadcrumbList\",\"@id\":\"https:\\\/\\\/tomirguiasmallorca.com\\\/de\\\/kontakt\\\/#breadcrumb\",\"itemListElement\":[{\"@type\":\"ListItem\",\"position\":1,\"name\":\"Home\",\"item\":\"https:\\\/\\\/tomirguiasmallorca.com\\\/de\\\/\"},{\"@type\":\"ListItem\",\"position\":2,\"name\":\"Kontakt\"}]},{\"@type\":\"WebSite\",\"@id\":\"https:\\\/\\\/tomirguiasmallorca.com\\\/de\\\/#website\",\"url\":\"https:\\\/\\\/tomirguiasmallorca.com\\\/de\\\/\",\"name\":\"Gu\u00edas Tur\u00edsticos Tomir\",\"description\":\"\",\"publisher\":{\"@id\":\"https:\\\/\\\/tomirguiasmallorca.com\\\/de\\\/#organization\"},\"potentialAction\":[{\"@type\":\"SearchAction\",\"target\":{\"@type\":\"EntryPoint\",\"urlTemplate\":\"https:\\\/\\\/tomirguiasmallorca.com\\\/de\\\/?s={search_term_string}\"},\"query-input\":{\"@type\":\"PropertyValueSpecification\",\"valueRequired\":true,\"valueName\":\"search_term_string\"}}],\"inLanguage\":\"de\"},{\"@type\":\"Organization\",\"@id\":\"https:\\\/\\\/tomirguiasmallorca.com\\\/de\\\/#organization\",\"name\":\"Gu\u00edas Tur\u00edsticos Tomir\",\"url\":\"https:\\\/\\\/tomirguiasmallorca.com\\\/de\\\/\",\"logo\":{\"@type\":\"ImageObject\",\"inLanguage\":\"de\",\"@id\":\"https:\\\/\\\/tomirguiasmallorca.com\\\/de\\\/#\\\/schema\\\/logo\\\/image\\\/\",\"url\":\"https:\\\/\\\/tomirguiasmallorca.com\\\/wp-content\\\/uploads\\\/2023\\\/04\\\/tomir-logo-new.svg\",\"contentUrl\":\"https:\\\/\\\/tomirguiasmallorca.com\\\/wp-content\\\/uploads\\\/2023\\\/04\\\/tomir-logo-new.svg\",\"width\":183,\"height\":57,\"caption\":\"Gu\u00edas Tur\u00edsticos Tomir\"},\"image\":{\"@id\":\"https:\\\/\\\/tomirguiasmallorca.com\\\/de\\\/#\\\/schema\\\/logo\\\/image\\\/\"}}]}<\/script>\n<!-- \/ Yoast SEO plugin. -->","yoast_head_json":{"title":"Kontakt - Gu\u00edas Tur\u00edsticos Tomir","robots":{"index":"index","follow":"follow","max-snippet":"max-snippet:-1","max-image-preview":"max-image-preview:large","max-video-preview":"max-video-preview:-1"},"canonical":"https:\/\/tomirguiasmallorca.com\/de\/kontakt\/","og_locale":"de_DE","og_type":"article","og_title":"Kontakt - Gu\u00edas Tur\u00edsticos Tomir","og_description":"Kontakt mit unsSie k\u00f6nnen sich auch telefonisch oder direkt per E-Mail an uns wenden. Unsere Mitarbeiter beantworten gerne alle Ihre Fragen.Wir m\u00f6chten Sie daran erinnern, dass wir gef\u00fchrte Rundg\u00e4nge durch das historische Zentrum von Palma und die verschiedenen St\u00e4dte Mallorcas anbieten:","og_url":"https:\/\/tomirguiasmallorca.com\/de\/kontakt\/","og_site_name":"Gu\u00edas Tur\u00edsticos Tomir","article_modified_time":"2025-08-07T15:44:19+00:00","twitter_card":"summary_large_image","twitter_misc":{"Gesch\u00e4tzte Lesezeit":"5\u00a0Minuten"},"schema":{"@context":"https:\/\/schema.org","@graph":[{"@type":"WebPage","@id":"https:\/\/tomirguiasmallorca.com\/de\/kontakt\/","url":"https:\/\/tomirguiasmallorca.com\/de\/kontakt\/","name":"Kontakt - Gu\u00edas Tur\u00edsticos Tomir","isPartOf":{"@id":"https:\/\/tomirguiasmallorca.com\/de\/#website"},"datePublished":"2023-03-24T15:22:53+00:00","dateModified":"2025-08-07T15:44:19+00:00","breadcrumb":{"@id":"https:\/\/tomirguiasmallorca.com\/de\/kontakt\/#breadcrumb"},"inLanguage":"de","potentialAction":[{"@type":"ReadAction","target":["https:\/\/tomirguiasmallorca.com\/de\/kontakt\/"]}]},{"@type":"BreadcrumbList","@id":"https:\/\/tomirguiasmallorca.com\/de\/kontakt\/#breadcrumb","itemListElement":[{"@type":"ListItem","position":1,"name":"Home","item":"https:\/\/tomirguiasmallorca.com\/de\/"},{"@type":"ListItem","position":2,"name":"Kontakt"}]},{"@type":"WebSite","@id":"https:\/\/tomirguiasmallorca.com\/de\/#website","url":"https:\/\/tomirguiasmallorca.com\/de\/","name":"Gu\u00edas Tur\u00edsticos Tomir","description":"","publisher":{"@id":"https:\/\/tomirguiasmallorca.com\/de\/#organization"},"potentialAction":[{"@type":"SearchAction","target":{"@type":"EntryPoint","urlTemplate":"https:\/\/tomirguiasmallorca.com\/de\/?s={search_term_string}"},"query-input":{"@type":"PropertyValueSpecification","valueRequired":true,"valueName":"search_term_string"}}],"inLanguage":"de"},{"@type":"Organization","@id":"https:\/\/tomirguiasmallorca.com\/de\/#organization","name":"Gu\u00edas Tur\u00edsticos Tomir","url":"https:\/\/tomirguiasmallorca.com\/de\/","logo":{"@type":"ImageObject","inLanguage":"de","@id":"https:\/\/tomirguiasmallorca.com\/de\/#\/schema\/logo\/image\/","url":"https:\/\/tomirguiasmallorca.com\/wp-content\/uploads\/2023\/04\/tomir-logo-new.svg","contentUrl":"https:\/\/tomirguiasmallorca.com\/wp-content\/uploads\/2023\/04\/tomir-logo-new.svg","width":183,"height":57,"caption":"Gu\u00edas Tur\u00edsticos Tomir"},"image":{"@id":"https:\/\/tomirguiasmallorca.com\/de\/#\/schema\/logo\/image\/"}}]}},"_links":{"self":[{"href":"https:\/\/tomirguiasmallorca.com\/de\/wp-json\/wp\/v2\/pages\/348","targetHints":{"allow":["GET"]}}],"collection":[{"href":"https:\/\/tomirguiasmallorca.com\/de\/wp-json\/wp\/v2\/pages"}],"about":[{"href":"https:\/\/tomirguiasmallorca.com\/de\/wp-json\/wp\/v2\/types\/page"}],"author":[{"embeddable":true,"href":"https:\/\/tomirguiasmallorca.com\/de\/wp-json\/wp\/v2\/users\/1"}],"replies":[{"embeddable":true,"href":"https:\/\/tomirguiasmallorca.com\/de\/wp-json\/wp\/v2\/comments?post=348"}],"version-history":[{"count":14,"href":"https:\/\/tomirguiasmallorca.com\/de\/wp-json\/wp\/v2\/pages\/348\/revisions"}],"predecessor-version":[{"id":648,"href":"https:\/\/tomirguiasmallorca.com\/de\/wp-json\/wp\/v2\/pages\/348\/revisions\/648"}],"wp:attachment":[{"href":"https:\/\/tomirguiasmallorca.com\/de\/wp-json\/wp\/v2\/media?parent=348"}],"curies":[{"name":"wp","href":"https:\/\/api.w.org\/{rel}","templated":true}]}}