{"id":360,"date":"2023-07-16T16:51:19","date_gmt":"2023-07-16T16:51:19","guid":{"rendered":"https:\/\/tomirguiasmallorca.com\/erklaerung-zur-zugaenglichkeit\/"},"modified":"2024-06-03T08:02:53","modified_gmt":"2024-06-03T08:02:53","slug":"erklaerung-zur-zugaenglichkeit","status":"publish","type":"page","link":"https:\/\/tomirguiasmallorca.com\/de\/erklaerung-zur-zugaenglichkeit\/","title":{"rendered":"Erkl\u00e4rung zur Zug\u00e4nglichkeit"},"content":{"rendered":"<p>[et_pb_section fb_built=&#8220;1&#8243; _builder_version=&#8220;4.20.2&#8243; _module_preset=&#8220;default&#8220; background_color=&#8220;RGBA(255,255,255,0)&#8220; custom_margin=&#8220;||||false|false&#8220; custom_padding=&#8220;0px||0px|||&#8220; global_colors_info=&#8220;{}&#8220;][et_pb_row _builder_version=&#8220;4.20.2&#8243; _module_preset=&#8220;default&#8220; custom_padding=&#8220;160px||0px||false|&#8220; global_colors_info=&#8220;{}&#8220;][et_pb_column type=&#8220;4_4&#8243; _builder_version=&#8220;4.20.2&#8243; _module_preset=&#8220;default&#8220; global_colors_info=&#8220;{}&#8220;][et_pb_text _builder_version=&#8220;4.21.0&#8243; _module_preset=&#8220;default&#8220; global_colors_info=&#8220;{}&#8220;]<\/p>\n<h2 style=\"text-align: center;\">Erkl\u00e4rung zur Zug\u00e4nglichkeit<\/h2>\n<p>[\/et_pb_text][et_pb_text _builder_version=&#8220;4.21.0&#8243; _module_preset=&#8220;default&#8220; global_colors_info=&#8220;{}&#8220;]<\/p>\n<p><span style=\"font-weight: 400;\">Das Unternehmen Artifices.net, Verwalter der Marke  <\/span><b>&#8222;TOMIR SERVICIOS TUR\u00cdSTICOS S.L&#8220;.<\/b><span style=\"font-weight: 400;\">hat sich verpflichtet, seine Website in \u00dcbereinstimmung mit dem K\u00f6niglichen Erlass 1112\/2018 vom 7. September \u00fcber die Zug\u00e4nglichkeit von Websites und mobilen Anwendungen des \u00f6ffentlichen Sektors oder von aus Europa finanzierten Entwicklungen zug\u00e4nglich zu machen.<\/span><\/p>\n<p><span style=\"font-weight: 400;\">Diese Erkl\u00e4rung zur Barrierefreiheit gilt f\u00fcr die Website https:\/\/tomirguiasmallorca.com\/.<\/span> <span style=\"font-weight: 400;\">mit Ausnahme eingebetteter Inhalte von anderen Domains.<\/span><\/p>\n<h3><b>Status der Einhaltung<\/b><\/h3>\n<p><span style=\"font-weight: 400;\">Diese Website ist teilweise konform mit der RD 1112\/2018, da die folgenden Aspekte nicht erf\u00fcllt sind.<\/span><\/p>\n<h3><b>Inhalt nicht zug\u00e4nglich<\/b><\/h3>\n<p><span style=\"font-weight: 400;\">Der unten stehende Inhalt ist aus den folgenden Gr\u00fcnden nicht zug\u00e4nglich:<\/span><\/p>\n<ul>\n<li style=\"font-weight: 400;\" aria-level=\"1\"><span style=\"font-weight: 400;\">Nichteinhaltung der Vorschriften:<\/span><\/li>\n<ul>\n<li style=\"font-weight: 400;\" aria-level=\"2\"><span style=\"font-weight: 400;\">Es kann einige textliche Alternativen geben, die nicht korrekt sind &#8211; Anforderungsnummer 9.1.1.1.1 Nicht-textlicher Inhalt von UNE-EN 301549:2022<\/span><\/li>\n<li style=\"font-weight: 400;\" aria-level=\"2\"><span style=\"font-weight: 400;\">Es kann einige Verbindungen geben, deren Funktion oder Zweck nicht korrekt definiert ist &#8211; Anforderungsnummer 9.2.4.4.4 Zweck von Verbindungen der UNE-EN 301549:2022<\/span><\/li>\n<li style=\"font-weight: 400;\" aria-level=\"2\"><span style=\"font-weight: 400;\">Auf einigen Webseiten kann es gelegentlich zu Bearbeitungsfehlern kommen.<\/span><\/li>\n<\/ul>\n<li style=\"font-weight: 400;\" aria-level=\"1\"><span style=\"font-weight: 400;\">Unverh\u00e4ltnism\u00e4\u00dfige Belastung: Nicht zutreffend.<\/span><\/li>\n<li style=\"font-weight: 400;\" aria-level=\"1\"><span style=\"font-weight: 400;\">Der Inhalt f\u00e4llt nicht in den Anwendungsbereich der geltenden Gesetzgebung.<\/span><\/li>\n<\/ul>\n<p><span style=\"font-weight: 400;\">M\u00f6glicherweise gibt es Office-Dateien in PDF- oder anderen Formaten, die vor dem 20. September 2018 ver\u00f6ffentlicht wurden und nicht alle Anforderungen an die Barrierefreiheit erf\u00fcllen.<\/span><span style=\"font-weight: 400;\"><br \/><\/span><span style=\"font-weight: 400;\">Es kann Inhalte von Dritten geben, die nicht von dieser Abteilung entwickelt wurden oder unter deren Kontrolle stehen, wie z.B. Dateien zur B\u00fcroautomatisierung von verschiedenen Unternehmen, die auf dieser Website ver\u00f6ffentlicht werden m\u00fcssen.<\/span><\/p>\n<p><span style=\"font-weight: 400;\">Wenn Sie ein Problem mit der Zug\u00e4nglichkeit melden m\u00f6chten, k\u00f6nnen Sie dies \u00fcber unser Formular auf der Seite Kontakt tun.<\/span><\/p>\n<p>&nbsp;<\/p>\n<p>[\/et_pb_text][\/et_pb_column][\/et_pb_row][\/et_pb_section][et_pb_section fb_built=&#8220;1&#8243; _builder_version=&#8220;4.20.2&#8243; _module_preset=&#8220;default&#8220; global_colors_info=&#8220;{}&#8220;][et_pb_row column_structure=&#8220;1_2,1_2&#8243; _builder_version=&#8220;4.20.2&#8243; _module_preset=&#8220;default&#8220; global_colors_info=&#8220;{}&#8220;][et_pb_column type=&#8220;1_2&#8243; _builder_version=&#8220;4.20.2&#8243; _module_preset=&#8220;default&#8220; global_colors_info=&#8220;{}&#8220;][et_pb_image src=&#8220;https:\/\/tomirguiasmallorca.com\/wp-content\/uploads\/2023\/03\/ES-Financiado-por-la-Union-Europea_POS-min-1.png&#8220; title_text=&#8220;DE-Finanziert-durch-die-Europ\u00e4ische-Union_POS-min-1&#8243; align=&#8220;right&#8220; align_phone=&#8220;center&#8220; align_last_edited=&#8220;off|phone&#8220; _builder_version=&#8220;4.21.0&#8243; _module_preset=&#8220;default&#8220; width=&#8220;225px&#8220; global_colors_info=&#8220;{}&#8220;][\/et_pb_image][\/et_pb_column][et_pb_column type=&#8220;1_2&#8243; _builder_version=&#8220;4.20.2&#8243; _module_preset=&#8220;default&#8220; global_colors_info=&#8220;{}&#8220;][et_pb_image src=&#8220;https:\/\/tomirguiasmallorca.com\/wp-content\/uploads\/2023\/03\/LOGO-COLOR-min-1.png&#8220; title_text=&#8220;LOGO-COLOR-min-1&#8243; align_tablet=&#8220;&#8220; align_phone=&#8220;center&#8220; align_last_edited=&#8220;on|phone&#8220; _builder_version=&#8220;4.21.0&#8243; _module_preset=&#8220;default&#8220; width=&#8220;225px&#8220; global_colors_info=&#8220;{}&#8220;][\/et_pb_image][\/et_pb_column][\/et_pb_row][\/et_pb_section]<\/p>\n","protected":false},"excerpt":{"rendered":"<p>Erkl\u00e4rung zur Zug\u00e4nglichkeitDas Unternehmen Artifices.net, Verwalter der Marke &#8222;TOMIR SERVICIOS TUR\u00cdSTICOS S.L&#8220;.hat sich verpflichtet, seine Website in \u00dcbereinstimmung mit dem K\u00f6niglichen Erlass 1112\/2018 vom 7. September \u00fcber die Zug\u00e4nglichkeit von Websites und mobilen Anwendungen des \u00f6ffentlichen Sektors oder von aus Europa finanzierten Entwicklungen zug\u00e4nglich zu machen. Diese Erkl\u00e4rung zur Barrierefreiheit gilt f\u00fcr die Website https:\/\/tomirguiasmallorca.com\/. mit Ausnahme eingebetteter Inhalte von anderen Domains. Status der Einhaltung Diese Website ist teilweise konform mit der RD 1112\/2018, da die folgenden Aspekte nicht erf\u00fcllt sind. Inhalt nicht zug\u00e4nglich Der unten stehende Inhalt ist aus den folgenden Gr\u00fcnden nicht zug\u00e4nglich: Nichteinhaltung der Vorschriften: Es kann einige textliche Alternativen geben, die nicht korrekt sind &#8211; Anforderungsnummer 9.1.1.1.1 Nicht-textlicher Inhalt von UNE-EN 301549:2022 Es kann einige Verbindungen geben, deren Funktion oder Zweck nicht korrekt definiert ist &#8211; Anforderungsnummer 9.2.4.4.4 Zweck von Verbindungen der UNE-EN 301549:2022 Auf einigen Webseiten kann es gelegentlich zu Bearbeitungsfehlern kommen. Unverh\u00e4ltnism\u00e4\u00dfige Belastung: Nicht zutreffend. Der Inhalt f\u00e4llt nicht in den Anwendungsbereich der geltenden Gesetzgebung. M\u00f6glicherweise gibt es Office-Dateien in PDF- oder anderen Formaten, die vor dem 20. September 2018 ver\u00f6ffentlicht wurden und nicht alle Anforderungen an die Barrierefreiheit erf\u00fcllen.Es kann Inhalte von Dritten geben, die nicht von dieser Abteilung entwickelt wurden oder unter [&hellip;]<\/p>\n","protected":false},"author":1,"featured_media":0,"parent":0,"menu_order":0,"comment_status":"closed","ping_status":"closed","template":"","meta":{"_et_pb_use_builder":"on","_et_pb_old_content":"","_et_gb_content_width":"","footnotes":""},"class_list":["post-360","page","type-page","status-publish","hentry"],"yoast_head":"<!-- This site is optimized with the Yoast SEO plugin v27.3 - https:\/\/yoast.com\/product\/yoast-seo-wordpress\/ -->\n<title>Erkl\u00e4rung zur Zug\u00e4nglichkeit - Gu\u00edas Tur\u00edsticos Tomir<\/title>\n<meta name=\"robots\" content=\"index, follow, max-snippet:-1, max-image-preview:large, max-video-preview:-1\" \/>\n<link rel=\"canonical\" href=\"https:\/\/tomirguiasmallorca.com\/de\/erklaerung-zur-zugaenglichkeit\/\" \/>\n<meta property=\"og:locale\" content=\"de_DE\" \/>\n<meta property=\"og:type\" content=\"article\" \/>\n<meta property=\"og:title\" content=\"Erkl\u00e4rung zur Zug\u00e4nglichkeit - Gu\u00edas Tur\u00edsticos Tomir\" \/>\n<meta property=\"og:description\" content=\"Erkl\u00e4rung zur Zug\u00e4nglichkeitDas Unternehmen Artifices.net, Verwalter der Marke &quot;TOMIR SERVICIOS TUR\u00cdSTICOS S.L&quot;.hat sich verpflichtet, seine Website in \u00dcbereinstimmung mit dem K\u00f6niglichen Erlass 1112\/2018 vom 7. September \u00fcber die Zug\u00e4nglichkeit von Websites und mobilen Anwendungen des \u00f6ffentlichen Sektors oder von aus Europa finanzierten Entwicklungen zug\u00e4nglich zu machen. Diese Erkl\u00e4rung zur Barrierefreiheit gilt f\u00fcr die Website https:\/\/tomirguiasmallorca.com\/. mit Ausnahme eingebetteter Inhalte von anderen Domains. Status der Einhaltung Diese Website ist teilweise konform mit der RD 1112\/2018, da die folgenden Aspekte nicht erf\u00fcllt sind. Inhalt nicht zug\u00e4nglich Der unten stehende Inhalt ist aus den folgenden Gr\u00fcnden nicht zug\u00e4nglich: Nichteinhaltung der Vorschriften: Es kann einige textliche Alternativen geben, die nicht korrekt sind - Anforderungsnummer 9.1.1.1.1 Nicht-textlicher Inhalt von UNE-EN 301549:2022 Es kann einige Verbindungen geben, deren Funktion oder Zweck nicht korrekt definiert ist - Anforderungsnummer 9.2.4.4.4 Zweck von Verbindungen der UNE-EN 301549:2022 Auf einigen Webseiten kann es gelegentlich zu Bearbeitungsfehlern kommen. Unverh\u00e4ltnism\u00e4\u00dfige Belastung: Nicht zutreffend. Der Inhalt f\u00e4llt nicht in den Anwendungsbereich der geltenden Gesetzgebung. M\u00f6glicherweise gibt es Office-Dateien in PDF- oder anderen Formaten, die vor dem 20. September 2018 ver\u00f6ffentlicht wurden und nicht alle Anforderungen an die Barrierefreiheit erf\u00fcllen.Es kann Inhalte von Dritten geben, die nicht von dieser Abteilung entwickelt wurden oder unter [&hellip;]\" \/>\n<meta property=\"og:url\" content=\"https:\/\/tomirguiasmallorca.com\/de\/erklaerung-zur-zugaenglichkeit\/\" \/>\n<meta property=\"og:site_name\" content=\"Gu\u00edas Tur\u00edsticos Tomir\" \/>\n<meta property=\"article:modified_time\" content=\"2024-06-03T08:02:53+00:00\" \/>\n<meta name=\"twitter:card\" content=\"summary_large_image\" \/>\n<meta name=\"twitter:label1\" content=\"Gesch\u00e4tzte Lesezeit\" \/>\n\t<meta name=\"twitter:data1\" content=\"2\u00a0Minuten\" \/>\n<script type=\"application\/ld+json\" class=\"yoast-schema-graph\">{\"@context\":\"https:\\\/\\\/schema.org\",\"@graph\":[{\"@type\":\"WebPage\",\"@id\":\"https:\\\/\\\/tomirguiasmallorca.com\\\/de\\\/erklaerung-zur-zugaenglichkeit\\\/\",\"url\":\"https:\\\/\\\/tomirguiasmallorca.com\\\/de\\\/erklaerung-zur-zugaenglichkeit\\\/\",\"name\":\"Erkl\u00e4rung zur Zug\u00e4nglichkeit - Gu\u00edas Tur\u00edsticos Tomir\",\"isPartOf\":{\"@id\":\"https:\\\/\\\/tomirguiasmallorca.com\\\/de\\\/#website\"},\"datePublished\":\"2023-07-16T16:51:19+00:00\",\"dateModified\":\"2024-06-03T08:02:53+00:00\",\"breadcrumb\":{\"@id\":\"https:\\\/\\\/tomirguiasmallorca.com\\\/de\\\/erklaerung-zur-zugaenglichkeit\\\/#breadcrumb\"},\"inLanguage\":\"de\",\"potentialAction\":[{\"@type\":\"ReadAction\",\"target\":[\"https:\\\/\\\/tomirguiasmallorca.com\\\/de\\\/erklaerung-zur-zugaenglichkeit\\\/\"]}]},{\"@type\":\"BreadcrumbList\",\"@id\":\"https:\\\/\\\/tomirguiasmallorca.com\\\/de\\\/erklaerung-zur-zugaenglichkeit\\\/#breadcrumb\",\"itemListElement\":[{\"@type\":\"ListItem\",\"position\":1,\"name\":\"Home\",\"item\":\"https:\\\/\\\/tomirguiasmallorca.com\\\/de\\\/\"},{\"@type\":\"ListItem\",\"position\":2,\"name\":\"Erkl\u00e4rung zur Zug\u00e4nglichkeit\"}]},{\"@type\":\"WebSite\",\"@id\":\"https:\\\/\\\/tomirguiasmallorca.com\\\/de\\\/#website\",\"url\":\"https:\\\/\\\/tomirguiasmallorca.com\\\/de\\\/\",\"name\":\"Gu\u00edas Tur\u00edsticos Tomir\",\"description\":\"\",\"publisher\":{\"@id\":\"https:\\\/\\\/tomirguiasmallorca.com\\\/de\\\/#organization\"},\"potentialAction\":[{\"@type\":\"SearchAction\",\"target\":{\"@type\":\"EntryPoint\",\"urlTemplate\":\"https:\\\/\\\/tomirguiasmallorca.com\\\/de\\\/?s={search_term_string}\"},\"query-input\":{\"@type\":\"PropertyValueSpecification\",\"valueRequired\":true,\"valueName\":\"search_term_string\"}}],\"inLanguage\":\"de\"},{\"@type\":\"Organization\",\"@id\":\"https:\\\/\\\/tomirguiasmallorca.com\\\/de\\\/#organization\",\"name\":\"Gu\u00edas Tur\u00edsticos Tomir\",\"url\":\"https:\\\/\\\/tomirguiasmallorca.com\\\/de\\\/\",\"logo\":{\"@type\":\"ImageObject\",\"inLanguage\":\"de\",\"@id\":\"https:\\\/\\\/tomirguiasmallorca.com\\\/de\\\/#\\\/schema\\\/logo\\\/image\\\/\",\"url\":\"https:\\\/\\\/tomirguiasmallorca.com\\\/wp-content\\\/uploads\\\/2023\\\/04\\\/tomir-logo-new.svg\",\"contentUrl\":\"https:\\\/\\\/tomirguiasmallorca.com\\\/wp-content\\\/uploads\\\/2023\\\/04\\\/tomir-logo-new.svg\",\"width\":183,\"height\":57,\"caption\":\"Gu\u00edas Tur\u00edsticos Tomir\"},\"image\":{\"@id\":\"https:\\\/\\\/tomirguiasmallorca.com\\\/de\\\/#\\\/schema\\\/logo\\\/image\\\/\"}}]}<\/script>\n<!-- \/ Yoast SEO plugin. -->","yoast_head_json":{"title":"Erkl\u00e4rung zur Zug\u00e4nglichkeit - Gu\u00edas Tur\u00edsticos Tomir","robots":{"index":"index","follow":"follow","max-snippet":"max-snippet:-1","max-image-preview":"max-image-preview:large","max-video-preview":"max-video-preview:-1"},"canonical":"https:\/\/tomirguiasmallorca.com\/de\/erklaerung-zur-zugaenglichkeit\/","og_locale":"de_DE","og_type":"article","og_title":"Erkl\u00e4rung zur Zug\u00e4nglichkeit - Gu\u00edas Tur\u00edsticos Tomir","og_description":"Erkl\u00e4rung zur Zug\u00e4nglichkeitDas Unternehmen Artifices.net, Verwalter der Marke \"TOMIR SERVICIOS TUR\u00cdSTICOS S.L\".hat sich verpflichtet, seine Website in \u00dcbereinstimmung mit dem K\u00f6niglichen Erlass 1112\/2018 vom 7. September \u00fcber die Zug\u00e4nglichkeit von Websites und mobilen Anwendungen des \u00f6ffentlichen Sektors oder von aus Europa finanzierten Entwicklungen zug\u00e4nglich zu machen. Diese Erkl\u00e4rung zur Barrierefreiheit gilt f\u00fcr die Website https:\/\/tomirguiasmallorca.com\/. mit Ausnahme eingebetteter Inhalte von anderen Domains. Status der Einhaltung Diese Website ist teilweise konform mit der RD 1112\/2018, da die folgenden Aspekte nicht erf\u00fcllt sind. Inhalt nicht zug\u00e4nglich Der unten stehende Inhalt ist aus den folgenden Gr\u00fcnden nicht zug\u00e4nglich: Nichteinhaltung der Vorschriften: Es kann einige textliche Alternativen geben, die nicht korrekt sind - Anforderungsnummer 9.1.1.1.1 Nicht-textlicher Inhalt von UNE-EN 301549:2022 Es kann einige Verbindungen geben, deren Funktion oder Zweck nicht korrekt definiert ist - Anforderungsnummer 9.2.4.4.4 Zweck von Verbindungen der UNE-EN 301549:2022 Auf einigen Webseiten kann es gelegentlich zu Bearbeitungsfehlern kommen. Unverh\u00e4ltnism\u00e4\u00dfige Belastung: Nicht zutreffend. Der Inhalt f\u00e4llt nicht in den Anwendungsbereich der geltenden Gesetzgebung. M\u00f6glicherweise gibt es Office-Dateien in PDF- oder anderen Formaten, die vor dem 20. September 2018 ver\u00f6ffentlicht wurden und nicht alle Anforderungen an die Barrierefreiheit erf\u00fcllen.Es kann Inhalte von Dritten geben, die nicht von dieser Abteilung entwickelt wurden oder unter [&hellip;]","og_url":"https:\/\/tomirguiasmallorca.com\/de\/erklaerung-zur-zugaenglichkeit\/","og_site_name":"Gu\u00edas Tur\u00edsticos Tomir","article_modified_time":"2024-06-03T08:02:53+00:00","twitter_card":"summary_large_image","twitter_misc":{"Gesch\u00e4tzte Lesezeit":"2\u00a0Minuten"},"schema":{"@context":"https:\/\/schema.org","@graph":[{"@type":"WebPage","@id":"https:\/\/tomirguiasmallorca.com\/de\/erklaerung-zur-zugaenglichkeit\/","url":"https:\/\/tomirguiasmallorca.com\/de\/erklaerung-zur-zugaenglichkeit\/","name":"Erkl\u00e4rung zur Zug\u00e4nglichkeit - Gu\u00edas Tur\u00edsticos Tomir","isPartOf":{"@id":"https:\/\/tomirguiasmallorca.com\/de\/#website"},"datePublished":"2023-07-16T16:51:19+00:00","dateModified":"2024-06-03T08:02:53+00:00","breadcrumb":{"@id":"https:\/\/tomirguiasmallorca.com\/de\/erklaerung-zur-zugaenglichkeit\/#breadcrumb"},"inLanguage":"de","potentialAction":[{"@type":"ReadAction","target":["https:\/\/tomirguiasmallorca.com\/de\/erklaerung-zur-zugaenglichkeit\/"]}]},{"@type":"BreadcrumbList","@id":"https:\/\/tomirguiasmallorca.com\/de\/erklaerung-zur-zugaenglichkeit\/#breadcrumb","itemListElement":[{"@type":"ListItem","position":1,"name":"Home","item":"https:\/\/tomirguiasmallorca.com\/de\/"},{"@type":"ListItem","position":2,"name":"Erkl\u00e4rung zur Zug\u00e4nglichkeit"}]},{"@type":"WebSite","@id":"https:\/\/tomirguiasmallorca.com\/de\/#website","url":"https:\/\/tomirguiasmallorca.com\/de\/","name":"Gu\u00edas Tur\u00edsticos Tomir","description":"","publisher":{"@id":"https:\/\/tomirguiasmallorca.com\/de\/#organization"},"potentialAction":[{"@type":"SearchAction","target":{"@type":"EntryPoint","urlTemplate":"https:\/\/tomirguiasmallorca.com\/de\/?s={search_term_string}"},"query-input":{"@type":"PropertyValueSpecification","valueRequired":true,"valueName":"search_term_string"}}],"inLanguage":"de"},{"@type":"Organization","@id":"https:\/\/tomirguiasmallorca.com\/de\/#organization","name":"Gu\u00edas Tur\u00edsticos Tomir","url":"https:\/\/tomirguiasmallorca.com\/de\/","logo":{"@type":"ImageObject","inLanguage":"de","@id":"https:\/\/tomirguiasmallorca.com\/de\/#\/schema\/logo\/image\/","url":"https:\/\/tomirguiasmallorca.com\/wp-content\/uploads\/2023\/04\/tomir-logo-new.svg","contentUrl":"https:\/\/tomirguiasmallorca.com\/wp-content\/uploads\/2023\/04\/tomir-logo-new.svg","width":183,"height":57,"caption":"Gu\u00edas Tur\u00edsticos Tomir"},"image":{"@id":"https:\/\/tomirguiasmallorca.com\/de\/#\/schema\/logo\/image\/"}}]}},"_links":{"self":[{"href":"https:\/\/tomirguiasmallorca.com\/de\/wp-json\/wp\/v2\/pages\/360","targetHints":{"allow":["GET"]}}],"collection":[{"href":"https:\/\/tomirguiasmallorca.com\/de\/wp-json\/wp\/v2\/pages"}],"about":[{"href":"https:\/\/tomirguiasmallorca.com\/de\/wp-json\/wp\/v2\/types\/page"}],"author":[{"embeddable":true,"href":"https:\/\/tomirguiasmallorca.com\/de\/wp-json\/wp\/v2\/users\/1"}],"replies":[{"embeddable":true,"href":"https:\/\/tomirguiasmallorca.com\/de\/wp-json\/wp\/v2\/comments?post=360"}],"version-history":[{"count":1,"href":"https:\/\/tomirguiasmallorca.com\/de\/wp-json\/wp\/v2\/pages\/360\/revisions"}],"predecessor-version":[{"id":371,"href":"https:\/\/tomirguiasmallorca.com\/de\/wp-json\/wp\/v2\/pages\/360\/revisions\/371"}],"wp:attachment":[{"href":"https:\/\/tomirguiasmallorca.com\/de\/wp-json\/wp\/v2\/media?parent=360"}],"curies":[{"name":"wp","href":"https:\/\/api.w.org\/{rel}","templated":true}]}}