{"id":381,"date":"2023-03-24T15:22:06","date_gmt":"2023-03-24T15:22:06","guid":{"rendered":"https:\/\/tomirguiasmallorca.com\/kommen-sie-auf-eine-tour-mit-uns\/"},"modified":"2024-06-03T08:10:04","modified_gmt":"2024-06-03T08:10:04","slug":"kommen-sie-auf-eine-tour-mit-uns","status":"publish","type":"page","link":"https:\/\/tomirguiasmallorca.com\/de\/kommen-sie-auf-eine-tour-mit-uns\/","title":{"rendered":"Kommen Sie auf eine Tour mit uns"},"content":{"rendered":"<p>[et_pb_section fb_built=&#8220;1&#8243; _builder_version=&#8220;4.25.1&#8243; _module_preset=&#8220;default&#8220; background_color=&#8220;rgba(0,0,0,0.67)&#8220; background_image=&#8220;https:\/\/tomirguiasmallorca.com\/wp-content\/uploads\/2023\/04\/home-rutas-palma-scaled.jpg&#8220; background_blend=&#8220;overlay&#8220; min_height=&#8220;90vh&#8220; global_colors_info=&#8220;{}&#8220;][et_pb_row custom_padding_last_edited=&#8220;on|phone&#8220; _builder_version=&#8220;4.25.1&#8243; _module_preset=&#8220;default&#8220; width=&#8220;40%&#8220; width_tablet=&#8220;80%&#8220; width_phone=&#8220;80%&#8220; width_last_edited=&#8220;on|phone&#8220; custom_padding=&#8220;8rem||8rem||true|false&#8220; custom_padding_tablet=&#8220;8rem||8rem||true|false&#8220; custom_padding_phone=&#8220;4rem||4rem||true|false&#8220; global_colors_info=&#8220;{}&#8220;][et_pb_column type=&#8220;4_4&#8243; _builder_version=&#8220;4.25.1&#8243; _module_preset=&#8220;default&#8220; global_colors_info=&#8220;{}&#8220;][et_pb_text _builder_version=&#8220;4.25.1&#8243; _module_preset=&#8220;360c82fe-aa59-47f1-9d87-26bfcfc5be4c&#8220; header_text_color=&#8220;#FFFFFF&#8220; custom_margin=&#8220;||1px|||&#8220; global_colors_info=&#8220;{}&#8220;]<\/p>\n<h1>Gef\u00fchrte Ausfl\u00fcge auf Mallorca<\/h1>\n<p>[\/et_pb_text][et_pb_text _builder_version=&#8220;4.25.1&#8243; _module_preset=&#8220;default&#8220; header_2_text_color=&#8220;#FFFFFF&#8220; global_colors_info=&#8220;{}&#8220;]<\/p>\n<h2>Entdecken Sie Mallorca mit unseren personalisierten Routen<\/h2>\n<p>[\/et_pb_text][et_pb_text _builder_version=&#8220;4.25.1&#8243; _module_preset=&#8220;default&#8220; text_text_color=&#8220;#FFFFFF&#8220; global_colors_info=&#8220;{}&#8220;]<\/p>\n<p>Lernen Sie die fabelhafte<strong> Insel Mallorca<\/strong> mit den <strong>besten Reisef\u00fchrern<\/strong> kennen, mit<strong> Tomir<\/strong>. Unser Ziel ist es, dass Sie den Reichtum und die Vielfalt des kulturellen und historischen Erbes der mallorquinischen Insel kennenlernen.<\/p>\n<p>[\/et_pb_text][et_pb_button button_url=&#8220;@ET-DC@eyJkeW5hbWljIjp0cnVlLCJjb250ZW50IjoicG9zdF9saW5rX3VybF9wYWdlIiwic2V0dGluZ3MiOnsicG9zdF9pZCI6Ijc1In19@&#8220; button_text=&#8220;Buchen Sie Ihre gef\u00fchrte Tour bei uns&#8220; button_alignment=&#8220;left&#8220; _builder_version=&#8220;4.25.1&#8243; _dynamic_attributes=&#8220;button_url&#8220; _module_preset=&#8220;af4dd1d3-bee4-4161-b732-7436470b1e84&#8243; global_colors_info=&#8220;{}&#8220;][\/et_pb_button][\/et_pb_column][\/et_pb_row][\/et_pb_section][et_pb_section fb_built=&#8220;1&#8243; _builder_version=&#8220;4.20.2&#8243; _module_preset=&#8220;default&#8220; background_color=&#8220;RGBA(255,255,255,0)&#8220; custom_margin=&#8220;||||false|false&#8220; custom_padding=&#8220;0px||0px|||&#8220; global_colors_info=&#8220;{}&#8220;][et_pb_row _builder_version=&#8220;4.21.0&#8243; _module_preset=&#8220;default&#8220; custom_padding=&#8220;160px||0px||false|&#8220; global_colors_info=&#8220;{}&#8220;][et_pb_column type=&#8220;4_4&#8243; _builder_version=&#8220;4.20.2&#8243; _module_preset=&#8220;default&#8220; global_colors_info=&#8220;{}&#8220;][et_pb_text _builder_version=&#8220;4.21.0&#8243; _module_preset=&#8220;default&#8220; global_colors_info=&#8220;{}&#8220;]<\/p>\n<h2 style=\"text-align: center;\">Besuchen Sie mallorca<\/h2>\n<p>[\/et_pb_text][et_pb_text _builder_version=&#8220;4.21.0&#8243; _module_preset=&#8220;b4c59cc2-8475-4745-8925-a77ffe841b83&#8243; text_orientation=&#8220;center&#8220; global_colors_info=&#8220;{}&#8220;]Wir bieten <strong>gef\u00fchrte Touren durch das Zentrum von Palma<\/strong> sowie <strong>Routen und Ausfl\u00fcge ins Landesinnere oder entlang der mallorquinischen K\u00fcste<\/strong>.[\/et_pb_text][\/et_pb_column][\/et_pb_row][et_pb_row _builder_version=&#8220;4.21.0&#8243; _module_preset=&#8220;default&#8220; global_colors_info=&#8220;{}&#8220;][et_pb_column type=&#8220;4_4&#8243; _builder_version=&#8220;4.21.0&#8243; _module_preset=&#8220;default&#8220; global_colors_info=&#8220;{}&#8220;][et_pb_filterable_portfolio fullwidth=&#8220;off&#8220; _builder_version=&#8220;4.21.0&#8243; _module_preset=&#8220;default&#8220; title_level=&#8220;h5&#8243; title_font=&#8220;Roboto Condensed|700||on|||||&#8220; title_font_size=&#8220;24px&#8220; global_colors_info=&#8220;{}&#8220;][\/et_pb_filterable_portfolio][\/et_pb_column][\/et_pb_row][\/et_pb_section][et_pb_section fb_built=&#8220;1&#8243; _builder_version=&#8220;4.20.2&#8243; _module_preset=&#8220;default&#8220; background_color=&#8220;#892700&#8243; custom_margin=&#8220;140px||||false|false&#8220; custom_padding=&#8220;140px|||||&#8220; global_module=&#8220;216&#8243; global_colors_info=&#8220;{}&#8220;][et_pb_row column_structure=&#8220;3_5,2_5&#8243; _builder_version=&#8220;4.20.2&#8243; _module_preset=&#8220;default&#8220; global_colors_info=&#8220;{}&#8220;][et_pb_column type=&#8220;3_5&#8243; _builder_version=&#8220;4.20.2&#8243; _module_preset=&#8220;default&#8220; global_colors_info=&#8220;{}&#8220;][et_pb_text _builder_version=&#8220;4.21.0&#8243; _module_preset=&#8220;default&#8220; background_layout=&#8220;dark&#8220; global_colors_info=&#8220;{}&#8220;]<\/p>\n<h2>Entdecken Sie Mallorca bei einem unvergesslichen Abenteuer!<\/h2>\n<p>[\/et_pb_text][et_pb_text _builder_version=&#8220;4.21.0&#8243; _module_preset=&#8220;b4c59cc2-8475-4745-8925-a77ffe841b83&#8243; background_layout=&#8220;dark&#8220; global_colors_info=&#8220;{}&#8220;]<\/p>\n<p>Begeben Sie sich auf unsere spannenden Sightseeing-Touren und lassen Sie sich von den verborgenen Sch\u00e4tzen Mallorcas verzaubern. Buchen Sie jetzt und schaffen Sie unvergessliche Erinnerungen auf der Baleareninsel!<\/p>\n<p>[\/et_pb_text][\/et_pb_column][et_pb_column type=&#8220;2_5&#8243; _builder_version=&#8220;4.20.2&#8243; _module_preset=&#8220;default&#8220; global_colors_info=&#8220;{}&#8220;][et_pb_button button_text=&#8220;Buchen Sie jetzt!&#8220; _builder_version=&#8220;4.21.0&#8243; _module_preset=&#8220;af4dd1d3-bee4-4161-b732-7436470b1e84&#8243; global_colors_info=&#8220;{}&#8220;][\/et_pb_button][\/et_pb_column][\/et_pb_row][\/et_pb_section][et_pb_section fb_built=&#8220;1&#8243; _builder_version=&#8220;4.21.0&#8243; _module_preset=&#8220;default&#8220; background_image=&#8220;https:\/\/tomirguiasmallorca.com\/wp-content\/uploads\/2023\/06\/Solstici-d\u00b4hivern-a-la-Seu-scaled.jpg&#8220; parallax=&#8220;on&#8220; global_colors_info=&#8220;{}&#8220;][et_pb_row _builder_version=&#8220;4.21.0&#8243; _module_preset=&#8220;default&#8220; global_colors_info=&#8220;{}&#8220;][et_pb_column type=&#8220;4_4&#8243; _builder_version=&#8220;4.21.0&#8243; _module_preset=&#8220;default&#8220; global_colors_info=&#8220;{}&#8220;][et_pb_divider show_divider=&#8220;off&#8220; _builder_version=&#8220;4.21.0&#8243; _module_preset=&#8220;default&#8220; height=&#8220;65vh&#8220; global_colors_info=&#8220;{}&#8220;][\/et_pb_divider][\/et_pb_column][\/et_pb_row][\/et_pb_section][et_pb_section fb_built=&#8220;1&#8243; _builder_version=&#8220;4.20.2&#8243; _module_preset=&#8220;default&#8220; custom_padding=&#8220;140px|||||&#8220; global_colors_info=&#8220;{}&#8220;][et_pb_row _builder_version=&#8220;4.20.2&#8243; _module_preset=&#8220;default&#8220; global_colors_info=&#8220;{}&#8220;][et_pb_column type=&#8220;4_4&#8243; _builder_version=&#8220;4.20.2&#8243; _module_preset=&#8220;default&#8220; global_colors_info=&#8220;{}&#8220;][et_pb_text _builder_version=&#8220;4.21.0&#8243; _module_preset=&#8220;default&#8220; text_orientation=&#8220;center&#8220; global_colors_info=&#8220;{}&#8220;]<\/p>\n<h2>Zufriedene Kunden<\/h2>\n<p>[\/et_pb_text][\/et_pb_column][\/et_pb_row][et_pb_row column_structure=&#8220;1_3,1_3,1_3&#8243; _builder_version=&#8220;4.20.2&#8243; _module_preset=&#8220;default&#8220; global_colors_info=&#8220;{}&#8220;][et_pb_column type=&#8220;1_3&#8243; _builder_version=&#8220;4.20.2&#8243; _module_preset=&#8220;default&#8220; global_colors_info=&#8220;{}&#8220;][et_pb_testimonial author=&#8220;Der Name steht hier&#8220; portrait_url=&#8220;data:image\/svg+xml;base64,PHN2ZyB3aWR0aD0iNTAwIiBoZWlnaHQ9IjUwMCIgdmlld0JveD0iMCAwIDUwMCA1MDAiIHhtbG5zPSJodHRwOi8vd3d3LnczLm9yZy8yMDAwL3N2ZyI+CiAgICA8ZyBmaWxsPSJub25lIiBmaWxsLXJ1bGU9ImV2ZW5vZGQiPgogICAgICAgIDxwYXRoIGZpbGw9IiNFQkVCRUIiIGQ9Ik0wIDBoNTAwdjUwMEgweiIvPgogICAgICAgIDxyZWN0IGZpbGwtb3BhY2l0eT0iLjEiIGZpbGw9IiMwMDAiIHg9IjY4IiB5PSIzMDUiIHdpZHRoPSIzNjQiIGhlaWdodD0iNTY4IiByeD0iMTgyIi8+CiAgICAgICAgPGNpcmNsZSBmaWxsLW9wYWNpdHk9Ii4xIiBmaWxsPSIjMDAwIiBjeD0iMjQ5IiBjeT0iMTcyIiByPSIxMDAiLz4KICAgIDwvZz4KPC9zdmc+Cg==&#8220; _builder_version=&#8220;4.20.2&#8243; _module_preset=&#8220;default&#8220; global_colors_info=&#8220;{}&#8220;]<\/p>\n<p>Ihr Inhalt kommt hierher. Bearbeiten oder entfernen Sie diesen Text inline oder in den Einstellungen des Moduls Inhalt. Sie k\u00f6nnen auch jeden Aspekt dieses Inhalts im Modul Designeinstellungen gestalten und sogar benutzerdefinierte CSS auf diesen Text im Modul Erweiterte Einstellungen anwenden.<\/p>\n<p>[\/et_pb_testimonial][\/et_pb_column][et_pb_column type=&#8220;1_3&#8243; _builder_version=&#8220;4.20.2&#8243; _module_preset=&#8220;default&#8220; global_colors_info=&#8220;{}&#8220;][et_pb_testimonial author=&#8220;Der Name steht hier&#8220; portrait_url=&#8220;data:image\/svg+xml;base64,PHN2ZyB3aWR0aD0iNTAwIiBoZWlnaHQ9IjUwMCIgdmlld0JveD0iMCAwIDUwMCA1MDAiIHhtbG5zPSJodHRwOi8vd3d3LnczLm9yZy8yMDAwL3N2ZyI+CiAgICA8ZyBmaWxsPSJub25lIiBmaWxsLXJ1bGU9ImV2ZW5vZGQiPgogICAgICAgIDxwYXRoIGZpbGw9IiNFQkVCRUIiIGQ9Ik0wIDBoNTAwdjUwMEgweiIvPgogICAgICAgIDxyZWN0IGZpbGwtb3BhY2l0eT0iLjEiIGZpbGw9IiMwMDAiIHg9IjY4IiB5PSIzMDUiIHdpZHRoPSIzNjQiIGhlaWdodD0iNTY4IiByeD0iMTgyIi8+CiAgICAgICAgPGNpcmNsZSBmaWxsLW9wYWNpdHk9Ii4xIiBmaWxsPSIjMDAwIiBjeD0iMjQ5IiBjeT0iMTcyIiByPSIxMDAiLz4KICAgIDwvZz4KPC9zdmc+Cg==&#8220; _builder_version=&#8220;4.20.2&#8243; _module_preset=&#8220;default&#8220; global_colors_info=&#8220;{}&#8220;]<\/p>\n<p>Ihr Inhalt kommt hierher. Bearbeiten oder entfernen Sie diesen Text inline oder in den Einstellungen des Moduls Inhalt. Sie k\u00f6nnen auch jeden Aspekt dieses Inhalts im Modul Designeinstellungen gestalten und sogar benutzerdefinierte CSS auf diesen Text im Modul Erweiterte Einstellungen anwenden.<\/p>\n<p>[\/et_pb_testimonial][\/et_pb_column][et_pb_column type=&#8220;1_3&#8243; _builder_version=&#8220;4.20.2&#8243; _module_preset=&#8220;default&#8220; global_colors_info=&#8220;{}&#8220;][et_pb_testimonial author=&#8220;Der Name steht hier&#8220; portrait_url=&#8220;data:image\/svg+xml;base64,PHN2ZyB3aWR0aD0iNTAwIiBoZWlnaHQ9IjUwMCIgdmlld0JveD0iMCAwIDUwMCA1MDAiIHhtbG5zPSJodHRwOi8vd3d3LnczLm9yZy8yMDAwL3N2ZyI+CiAgICA8ZyBmaWxsPSJub25lIiBmaWxsLXJ1bGU9ImV2ZW5vZGQiPgogICAgICAgIDxwYXRoIGZpbGw9IiNFQkVCRUIiIGQ9Ik0wIDBoNTAwdjUwMEgweiIvPgogICAgICAgIDxyZWN0IGZpbGwtb3BhY2l0eT0iLjEiIGZpbGw9IiMwMDAiIHg9IjY4IiB5PSIzMDUiIHdpZHRoPSIzNjQiIGhlaWdodD0iNTY4IiByeD0iMTgyIi8+CiAgICAgICAgPGNpcmNsZSBmaWxsLW9wYWNpdHk9Ii4xIiBmaWxsPSIjMDAwIiBjeD0iMjQ5IiBjeT0iMTcyIiByPSIxMDAiLz4KICAgIDwvZz4KPC9zdmc+Cg==&#8220; _builder_version=&#8220;4.20.2&#8243; _module_preset=&#8220;default&#8220; global_colors_info=&#8220;{}&#8220;]<\/p>\n<p>Ihr Inhalt kommt hierher. Bearbeiten oder entfernen Sie diesen Text inline oder in den Einstellungen des Moduls Inhalt. Sie k\u00f6nnen auch jeden Aspekt dieses Inhalts im Modul Designeinstellungen gestalten und sogar benutzerdefinierte CSS auf diesen Text im Modul Erweiterte Einstellungen anwenden.<\/p>\n<p>[\/et_pb_testimonial][\/et_pb_column][\/et_pb_row][\/et_pb_section][et_pb_section fb_built=&#8220;1&#8243; _builder_version=&#8220;4.20.2&#8243; _module_preset=&#8220;default&#8220; global_colors_info=&#8220;{}&#8220;][et_pb_row column_structure=&#8220;1_2,1_2&#8243; _builder_version=&#8220;4.20.2&#8243; _module_preset=&#8220;default&#8220; global_colors_info=&#8220;{}&#8220;][et_pb_column type=&#8220;1_2&#8243; _builder_version=&#8220;4.20.2&#8243; _module_preset=&#8220;default&#8220; global_colors_info=&#8220;{}&#8220;][et_pb_image src=&#8220;https:\/\/tomirguiasmallorca.com\/wp-content\/uploads\/2023\/03\/ES-Financiado-por-la-Union-Europea_POS-min-1.png&#8220; title_text=&#8220;DE-Finanziert-durch-die-Europ\u00e4ische-Union_POS-min-1&#8243; align=&#8220;right&#8220; align_phone=&#8220;center&#8220; align_last_edited=&#8220;off|phone&#8220; _builder_version=&#8220;4.21.0&#8243; _module_preset=&#8220;default&#8220; width=&#8220;225px&#8220; global_colors_info=&#8220;{}&#8220;][\/et_pb_image][\/et_pb_column][et_pb_column type=&#8220;1_2&#8243; _builder_version=&#8220;4.20.2&#8243; _module_preset=&#8220;default&#8220; global_colors_info=&#8220;{}&#8220;][et_pb_image src=&#8220;https:\/\/tomirguiasmallorca.com\/wp-content\/uploads\/2023\/03\/LOGO-COLOR-min-1.png&#8220; title_text=&#8220;LOGO-COLOR-min-1&#8243; align_tablet=&#8220;&#8220; align_phone=&#8220;center&#8220; align_last_edited=&#8220;on|phone&#8220; _builder_version=&#8220;4.21.0&#8243; _module_preset=&#8220;default&#8220; width=&#8220;225px&#8220; global_colors_info=&#8220;{}&#8220;][\/et_pb_image][\/et_pb_column][\/et_pb_row][\/et_pb_section]<\/p>\n","protected":false},"excerpt":{"rendered":"<p>Gef\u00fchrte Ausfl\u00fcge auf MallorcaEntdecken Sie Mallorca mit unseren personalisierten RoutenLernen Sie die fabelhafte Insel Mallorca mit den besten Reisef\u00fchrern kennen, mit Tomir. Unser Ziel ist es, dass Sie den Reichtum und die Vielfalt des kulturellen und historischen Erbes der mallorquinischen Insel kennenlernen.Besuchen Sie mallorcaWir bieten gef\u00fchrte Touren durch das Zentrum von Palma sowie Routen und Ausfl\u00fcge ins Landesinnere oder entlang der mallorquinischen K\u00fcste.Entdecken Sie Mallorca bei einem unvergesslichen Abenteuer!Begeben Sie sich auf unsere spannenden Sightseeing-Touren und lassen Sie sich von den verborgenen Sch\u00e4tzen Mallorcas verzaubern. Buchen Sie jetzt und schaffen Sie unvergessliche Erinnerungen auf der Baleareninsel!Zufriedene KundenIhr Inhalt kommt hierher. Bearbeiten oder entfernen Sie diesen Text inline oder in den Einstellungen des Moduls Inhalt. Sie k\u00f6nnen auch jeden Aspekt dieses Inhalts im Modul Designeinstellungen gestalten und sogar benutzerdefinierte CSS auf diesen Text im Modul Erweiterte Einstellungen anwenden.Ihr Inhalt kommt hierher. Bearbeiten oder entfernen Sie diesen Text inline oder in den Einstellungen des Moduls Inhalt. Sie k\u00f6nnen auch jeden Aspekt dieses Inhalts im Modul Designeinstellungen gestalten und sogar benutzerdefinierte CSS auf diesen Text im Modul Erweiterte Einstellungen anwenden.Ihr Inhalt kommt hierher. Bearbeiten oder entfernen Sie diesen Text inline oder in den Einstellungen des Moduls Inhalt. Sie k\u00f6nnen auch jeden Aspekt dieses [&hellip;]<\/p>\n","protected":false},"author":1,"featured_media":0,"parent":0,"menu_order":0,"comment_status":"closed","ping_status":"closed","template":"","meta":{"_et_pb_use_builder":"on","_et_pb_old_content":"","_et_gb_content_width":"","footnotes":""},"class_list":["post-381","page","type-page","status-publish","hentry"],"yoast_head":"<!-- This site is optimized with the Yoast SEO plugin v25.5 - https:\/\/yoast.com\/wordpress\/plugins\/seo\/ -->\n<title>Kommen Sie auf eine Tour mit uns - Gu\u00edas Tur\u00edsticos Tomir<\/title>\n<meta name=\"description\" content=\"Wir bieten gef\u00fchrte Touren durch das Zentrum von Palma sowie Routen und Ausfl\u00fcge ins Landesinnere oder entlang der mallorquinischen K\u00fcste.\" \/>\n<meta name=\"robots\" content=\"index, follow, max-snippet:-1, max-image-preview:large, max-video-preview:-1\" \/>\n<link rel=\"canonical\" href=\"https:\/\/tomirguiasmallorca.com\/de\/kommen-sie-auf-eine-tour-mit-uns\/\" \/>\n<meta property=\"og:locale\" content=\"de_DE\" \/>\n<meta property=\"og:type\" content=\"article\" \/>\n<meta property=\"og:title\" content=\"Kommen Sie auf eine Tour mit uns - Gu\u00edas Tur\u00edsticos Tomir\" \/>\n<meta property=\"og:description\" content=\"Wir bieten gef\u00fchrte Touren durch das Zentrum von Palma sowie Routen und Ausfl\u00fcge ins Landesinnere oder entlang der mallorquinischen K\u00fcste.\" \/>\n<meta property=\"og:url\" content=\"https:\/\/tomirguiasmallorca.com\/de\/kommen-sie-auf-eine-tour-mit-uns\/\" \/>\n<meta property=\"og:site_name\" content=\"Gu\u00edas Tur\u00edsticos Tomir\" \/>\n<meta property=\"article:modified_time\" content=\"2024-06-03T08:10:04+00:00\" \/>\n<meta name=\"twitter:card\" content=\"summary_large_image\" \/>\n<meta name=\"twitter:label1\" content=\"Gesch\u00e4tzte Lesezeit\" \/>\n\t<meta name=\"twitter:data1\" content=\"7\u00a0Minuten\" \/>\n<script type=\"application\/ld+json\" class=\"yoast-schema-graph\">{\"@context\":\"https:\/\/schema.org\",\"@graph\":[{\"@type\":\"WebPage\",\"@id\":\"https:\/\/tomirguiasmallorca.com\/de\/kommen-sie-auf-eine-tour-mit-uns\/\",\"url\":\"https:\/\/tomirguiasmallorca.com\/de\/kommen-sie-auf-eine-tour-mit-uns\/\",\"name\":\"Kommen Sie auf eine Tour mit uns - Gu\u00edas Tur\u00edsticos Tomir\",\"isPartOf\":{\"@id\":\"https:\/\/tomirguiasmallorca.com\/de\/#website\"},\"datePublished\":\"2023-03-24T15:22:06+00:00\",\"dateModified\":\"2024-06-03T08:10:04+00:00\",\"description\":\"Wir bieten gef\u00fchrte Touren durch das Zentrum von Palma sowie Routen und Ausfl\u00fcge ins Landesinnere oder entlang der mallorquinischen K\u00fcste.\",\"breadcrumb\":{\"@id\":\"https:\/\/tomirguiasmallorca.com\/de\/kommen-sie-auf-eine-tour-mit-uns\/#breadcrumb\"},\"inLanguage\":\"de\",\"potentialAction\":[{\"@type\":\"ReadAction\",\"target\":[\"https:\/\/tomirguiasmallorca.com\/de\/kommen-sie-auf-eine-tour-mit-uns\/\"]}]},{\"@type\":\"BreadcrumbList\",\"@id\":\"https:\/\/tomirguiasmallorca.com\/de\/kommen-sie-auf-eine-tour-mit-uns\/#breadcrumb\",\"itemListElement\":[{\"@type\":\"ListItem\",\"position\":1,\"name\":\"Home\",\"item\":\"https:\/\/tomirguiasmallorca.com\/de\/\"},{\"@type\":\"ListItem\",\"position\":2,\"name\":\"Kommen Sie auf eine Tour mit uns\"}]},{\"@type\":\"WebSite\",\"@id\":\"https:\/\/tomirguiasmallorca.com\/de\/#website\",\"url\":\"https:\/\/tomirguiasmallorca.com\/de\/\",\"name\":\"Gu\u00edas Tur\u00edsticos Tomir\",\"description\":\"\",\"publisher\":{\"@id\":\"https:\/\/tomirguiasmallorca.com\/de\/#organization\"},\"potentialAction\":[{\"@type\":\"SearchAction\",\"target\":{\"@type\":\"EntryPoint\",\"urlTemplate\":\"https:\/\/tomirguiasmallorca.com\/de\/?s={search_term_string}\"},\"query-input\":{\"@type\":\"PropertyValueSpecification\",\"valueRequired\":true,\"valueName\":\"search_term_string\"}}],\"inLanguage\":\"de\"},{\"@type\":\"Organization\",\"@id\":\"https:\/\/tomirguiasmallorca.com\/de\/#organization\",\"name\":\"Gu\u00edas Tur\u00edsticos Tomir\",\"url\":\"https:\/\/tomirguiasmallorca.com\/de\/\",\"logo\":{\"@type\":\"ImageObject\",\"inLanguage\":\"de\",\"@id\":\"https:\/\/tomirguiasmallorca.com\/de\/#\/schema\/logo\/image\/\",\"url\":\"https:\/\/tomirguiasmallorca.com\/wp-content\/uploads\/2023\/04\/tomir-logo-new.svg\",\"contentUrl\":\"https:\/\/tomirguiasmallorca.com\/wp-content\/uploads\/2023\/04\/tomir-logo-new.svg\",\"width\":183,\"height\":57,\"caption\":\"Gu\u00edas Tur\u00edsticos Tomir\"},\"image\":{\"@id\":\"https:\/\/tomirguiasmallorca.com\/de\/#\/schema\/logo\/image\/\"}}]}<\/script>\n<!-- \/ Yoast SEO plugin. -->","yoast_head_json":{"title":"Kommen Sie auf eine Tour mit uns - Gu\u00edas Tur\u00edsticos Tomir","description":"Wir bieten gef\u00fchrte Touren durch das Zentrum von Palma sowie Routen und Ausfl\u00fcge ins Landesinnere oder entlang der mallorquinischen K\u00fcste.","robots":{"index":"index","follow":"follow","max-snippet":"max-snippet:-1","max-image-preview":"max-image-preview:large","max-video-preview":"max-video-preview:-1"},"canonical":"https:\/\/tomirguiasmallorca.com\/de\/kommen-sie-auf-eine-tour-mit-uns\/","og_locale":"de_DE","og_type":"article","og_title":"Kommen Sie auf eine Tour mit uns - Gu\u00edas Tur\u00edsticos Tomir","og_description":"Wir bieten gef\u00fchrte Touren durch das Zentrum von Palma sowie Routen und Ausfl\u00fcge ins Landesinnere oder entlang der mallorquinischen K\u00fcste.","og_url":"https:\/\/tomirguiasmallorca.com\/de\/kommen-sie-auf-eine-tour-mit-uns\/","og_site_name":"Gu\u00edas Tur\u00edsticos Tomir","article_modified_time":"2024-06-03T08:10:04+00:00","twitter_card":"summary_large_image","twitter_misc":{"Gesch\u00e4tzte Lesezeit":"7\u00a0Minuten"},"schema":{"@context":"https:\/\/schema.org","@graph":[{"@type":"WebPage","@id":"https:\/\/tomirguiasmallorca.com\/de\/kommen-sie-auf-eine-tour-mit-uns\/","url":"https:\/\/tomirguiasmallorca.com\/de\/kommen-sie-auf-eine-tour-mit-uns\/","name":"Kommen Sie auf eine Tour mit uns - Gu\u00edas Tur\u00edsticos Tomir","isPartOf":{"@id":"https:\/\/tomirguiasmallorca.com\/de\/#website"},"datePublished":"2023-03-24T15:22:06+00:00","dateModified":"2024-06-03T08:10:04+00:00","description":"Wir bieten gef\u00fchrte Touren durch das Zentrum von Palma sowie Routen und Ausfl\u00fcge ins Landesinnere oder entlang der mallorquinischen K\u00fcste.","breadcrumb":{"@id":"https:\/\/tomirguiasmallorca.com\/de\/kommen-sie-auf-eine-tour-mit-uns\/#breadcrumb"},"inLanguage":"de","potentialAction":[{"@type":"ReadAction","target":["https:\/\/tomirguiasmallorca.com\/de\/kommen-sie-auf-eine-tour-mit-uns\/"]}]},{"@type":"BreadcrumbList","@id":"https:\/\/tomirguiasmallorca.com\/de\/kommen-sie-auf-eine-tour-mit-uns\/#breadcrumb","itemListElement":[{"@type":"ListItem","position":1,"name":"Home","item":"https:\/\/tomirguiasmallorca.com\/de\/"},{"@type":"ListItem","position":2,"name":"Kommen Sie auf eine Tour mit uns"}]},{"@type":"WebSite","@id":"https:\/\/tomirguiasmallorca.com\/de\/#website","url":"https:\/\/tomirguiasmallorca.com\/de\/","name":"Gu\u00edas Tur\u00edsticos Tomir","description":"","publisher":{"@id":"https:\/\/tomirguiasmallorca.com\/de\/#organization"},"potentialAction":[{"@type":"SearchAction","target":{"@type":"EntryPoint","urlTemplate":"https:\/\/tomirguiasmallorca.com\/de\/?s={search_term_string}"},"query-input":{"@type":"PropertyValueSpecification","valueRequired":true,"valueName":"search_term_string"}}],"inLanguage":"de"},{"@type":"Organization","@id":"https:\/\/tomirguiasmallorca.com\/de\/#organization","name":"Gu\u00edas Tur\u00edsticos Tomir","url":"https:\/\/tomirguiasmallorca.com\/de\/","logo":{"@type":"ImageObject","inLanguage":"de","@id":"https:\/\/tomirguiasmallorca.com\/de\/#\/schema\/logo\/image\/","url":"https:\/\/tomirguiasmallorca.com\/wp-content\/uploads\/2023\/04\/tomir-logo-new.svg","contentUrl":"https:\/\/tomirguiasmallorca.com\/wp-content\/uploads\/2023\/04\/tomir-logo-new.svg","width":183,"height":57,"caption":"Gu\u00edas Tur\u00edsticos Tomir"},"image":{"@id":"https:\/\/tomirguiasmallorca.com\/de\/#\/schema\/logo\/image\/"}}]}},"_links":{"self":[{"href":"https:\/\/tomirguiasmallorca.com\/de\/wp-json\/wp\/v2\/pages\/381","targetHints":{"allow":["GET"]}}],"collection":[{"href":"https:\/\/tomirguiasmallorca.com\/de\/wp-json\/wp\/v2\/pages"}],"about":[{"href":"https:\/\/tomirguiasmallorca.com\/de\/wp-json\/wp\/v2\/types\/page"}],"author":[{"embeddable":true,"href":"https:\/\/tomirguiasmallorca.com\/de\/wp-json\/wp\/v2\/users\/1"}],"replies":[{"embeddable":true,"href":"https:\/\/tomirguiasmallorca.com\/de\/wp-json\/wp\/v2\/comments?post=381"}],"version-history":[{"count":6,"href":"https:\/\/tomirguiasmallorca.com\/de\/wp-json\/wp\/v2\/pages\/381\/revisions"}],"predecessor-version":[{"id":455,"href":"https:\/\/tomirguiasmallorca.com\/de\/wp-json\/wp\/v2\/pages\/381\/revisions\/455"}],"wp:attachment":[{"href":"https:\/\/tomirguiasmallorca.com\/de\/wp-json\/wp\/v2\/media?parent=381"}],"curies":[{"name":"wp","href":"https:\/\/api.w.org\/{rel}","templated":true}]}}