{"id":384,"date":"2023-07-20T16:19:18","date_gmt":"2023-07-20T16:19:18","guid":{"rendered":"https:\/\/tomirguiasmallorca.com\/rechtlicher-hinweis\/"},"modified":"2024-06-03T08:02:53","modified_gmt":"2024-06-03T08:02:53","slug":"rechtlicher-hinweis","status":"publish","type":"page","link":"https:\/\/tomirguiasmallorca.com\/de\/rechtlicher-hinweis\/","title":{"rendered":"Rechtlicher Hinweis"},"content":{"rendered":"<p>[et_pb_section fb_built=&#8220;1&#8243; _builder_version=&#8220;4.20.2&#8243; _module_preset=&#8220;default&#8220; background_color=&#8220;RGBA(255,255,255,0)&#8220; custom_margin=&#8220;||||false|false&#8220; custom_padding=&#8220;0px||0px|||&#8220; global_colors_info=&#8220;{}&#8220; theme_builder_area=&#8220;post_content&#8220;][et_pb_row _builder_version=&#8220;4.20.2&#8243; _module_preset=&#8220;default&#8220; custom_padding=&#8220;160px||0px||false|&#8220; global_colors_info=&#8220;{}&#8220; theme_builder_area=&#8220;post_content&#8220;][et_pb_column type=&#8220;4_4&#8243; _builder_version=&#8220;4.20.2&#8243; _module_preset=&#8220;default&#8220; global_colors_info=&#8220;{}&#8220; theme_builder_area=&#8220;post_content&#8220;][et_pb_text _builder_version=&#8220;4.21.0&#8243; _module_preset=&#8220;default&#8220; hover_enabled=&#8220;0&#8243; global_colors_info=&#8220;{}&#8220; theme_builder_area=&#8220;post_content&#8220; _dynamic_attributes=&#8220;content&#8220; sticky_enabled=&#8220;0&#8243;]@ET-DC@eyJkeW5hbWljIjp0cnVlLCJjb250ZW50IjoicG9zdF90aXRsZSIsInNldHRpbmdzIjp7ImJlZm9yZSI6IjxoMj4iLCJhZnRlciI6IjxcL2gyPiJ9fQ==@[\/et_pb_text][et_pb_text _builder_version=&#8220;4.21.0&#8243; _module_preset=&#8220;default&#8220; hover_enabled=&#8220;0&#8243; global_colors_info=&#8220;{}&#8220; theme_builder_area=&#8220;post_content&#8220; sticky_enabled=&#8220;0&#8243;]<\/p>\n<p>In \u00dcbereinstimmung mit dem Gesetz 34\/2002 vom 11. Juli \u00fcber die Dienste der Informationsgesellschaft und den elektronischen Handel (LSSI-CE) informiert TOMIR SERVICIOS TURISTICOS SL, dass es der Eigent\u00fcmer der Website ist. In \u00dcbereinstimmung mit den Anforderungen von Artikel 10 des oben genannten Gesetzes informiert TOMIR SERVICIOS TURISTICOS SL \u00fcber die folgenden Daten:<\/p>\n<p>NAME DES UNTERNEHMENS:TOMIR SERVICIOS TURISTICOS SL<br \/>UMSATZSTEUER-IDENTIFIKATIONSNUMMER: B57929309<br \/>POSTANSCHRIFT: TER 27 ,1\u00baPLANTA. B\u00dcRO 2 07009, PALMA DE MALLORCA (ILLES BALEARS)<br \/>E-MAIL ADRESSE: INFO@TOMIRGUIASMALLORCA.COM<br \/>TELEFONIE: 610216126<br \/>REGISTRO MERCANTIL: Band 2631, Folio 1, Seite 1, Blatt PM-77280 und Eintrag 1<br \/>HAUPTZWECK: Fremdenf\u00fchrer und touristische Dienstleistungen<\/p>\n<p><strong>BENUTZER- UND HAFTUNGSREGELUNG<\/strong><\/p>\n<p>Das Browsen, der Zugang und die Nutzung der Website von TOMIR SERVICIOS TURISTICOS SL stellt eine Benutzungsbedingung dar, mit der Sie durch das Browsen auf der Website von TOMIR SERVICIOS TURISTICOS SL alle hier festgelegten Nutzungsbedingungen akzeptieren, unbeschadet der Anwendung der entsprechenden Vorschriften zur Einhaltung der gesetzlichen Bestimmungen.<\/p>\n<p>Die Website von TOMIR SERVICIOS TURISTICOS SL bietet eine breite Palette von Informationen, Dienstleistungen und Daten. Der Nutzer \u00fcbernimmt die Verantwortung f\u00fcr die korrekte Nutzung der Website. Diese Verantwortung erstreckt sich auf:<br \/>&#8211; Die Richtigkeit und Rechtm\u00e4\u00dfigkeit der Angaben, die der Nutzer in den von TOMIR SERVICIOS TURISTICOS SL bereitgestellten Formularen f\u00fcr den Zugang zu bestimmten Inhalten oder Diensten auf der Website macht.<br \/>&#8211; Die Nutzung der von TOMIR SERVICIOS TURISTICOS SL angebotenen Informationen, Dienstleistungen und Daten verst\u00f6\u00dft gegen die Bestimmungen dieser Bedingungen, das Gesetz, die Moral, die guten Sitten oder die \u00f6ffentliche Ordnung oder kann in anderer Weise die Rechte Dritter oder den Betrieb der Website beeintr\u00e4chtigen.<\/p>\n<p><strong>VERLINKUNGSPOLITIK UND HAFTUNGSAUSSCHL\u00dcSSE<\/strong><\/p>\n<p>TOMIR SERVICIOS TURISTICOS SL ist nicht verantwortlich f\u00fcr den Inhalt der Websites, auf die der Benutzer \u00fcber die auf seiner Website eingerichteten Links zugreifen kann, und erkl\u00e4rt, dass es unter keinen Umst\u00e4nden den Inhalt anderer Websites \u00fcberpr\u00fcft oder irgendeine Art von Kontrolle dar\u00fcber aus\u00fcbt. Sie \u00fcbernimmt auch keine Garantie f\u00fcr die technische Verf\u00fcgbarkeit, Genauigkeit, Richtigkeit, G\u00fcltigkeit oder Rechtm\u00e4\u00dfigkeit von Websites, die nicht in ihrem Besitz sind und auf die Sie \u00fcber die Links zugreifen k\u00f6nnen.<\/p>\n<p>TOMIR SERVICIOS TURISTICOS SL erkl\u00e4rt, dass es alle notwendigen Ma\u00dfnahmen ergriffen hat, um Sch\u00e4den zu vermeiden, die den Nutzern seiner Website durch das Surfen auf seiner Website entstehen k\u00f6nnen. Infolgedessen ist TOMIR SERVICIOS TURISTICOS SL in keinem Fall f\u00fcr m\u00f6gliche Sch\u00e4den verantwortlich, die der Nutzer durch das Surfen im Internet erleiden k\u00f6nnte.<\/p>\n<p><strong>\u00c4NDERUNGEN<\/strong><\/p>\n<p>TOMIR SERVICIOS TURISTICOS SL beh\u00e4lt sich das Recht vor, ohne vorherige Ank\u00fcndigung \u00c4nderungen am Inhalt seiner Website vorzunehmen, die es f\u00fcr angemessen h\u00e4lt. Sowohl in Bezug auf den Inhalt der Website als auch in Bezug auf die Bedingungen f\u00fcr die Nutzung der Website oder die allgemeinen Vertragsbedingungen. Solche \u00c4nderungen k\u00f6nnen \u00fcber die Website mit allen rechtlich zul\u00e4ssigen Mitteln vorgenommen werden und sind so lange verbindlich, wie sie auf der Website ver\u00f6ffentlicht sind und bis sie durch sp\u00e4tere \u00c4nderungen rechtskr\u00e4ftig ge\u00e4ndert werden.<\/p>\n<p><strong>GEISTIGES UND GEWERBLICHES EIGENTUM<\/strong><\/p>\n<p>TOMIR SERVICIOS TURISTICOS SL ist selbst oder als Abtretungsempf\u00e4nger Eigent\u00fcmer aller geistigen und gewerblichen Eigentumsrechte seiner Website sowie der darin enthaltenen Elemente (einschlie\u00dflich, aber nicht beschr\u00e4nkt auf Bilder, Ton, Audio, Video, Software oder Texte; Marken oder Logos, Farbkombinationen, Struktur und Design, Auswahl der verwendeten Materialien, Computerprogramme, die f\u00fcr den Betrieb, den Zugang und die Nutzung erforderlich sind, usw.), die TOMIR SERVICIOS TURISTICOS SL geh\u00f6ren. Es handelt sich also um Werke, die als geistiges Eigentum durch das spanische Rechtssystem gesch\u00fctzt sind, und sowohl die spanischen als auch die gemeinschaftlichen Rechtsvorschriften auf diesem Gebiet sowie die von Spanien unterzeichneten internationalen Vertr\u00e4ge zu diesem Thema sind auf sie anwendbar.<\/p>\n<p>Alle Rechte vorbehalten. Gem\u00e4\u00df den Bestimmungen des Gesetzes zum Schutz des geistigen Eigentums sind die Vervielf\u00e4ltigung, die Verbreitung und die \u00f6ffentliche Wiedergabe, einschlie\u00dflich der Zurverf\u00fcgungstellung, des gesamten oder eines Teils des Inhalts dieser Website zu kommerziellen Zwecken auf jedem Medium und mit jedem technischen Mittel ohne die Genehmigung von TOMIR SERVICIOS TURISTICOS SL ausdr\u00fccklich verboten. Der Nutzer verpflichtet sich, die Rechte des geistigen und gewerblichen Eigentums von TOMIR SERVICIOS TURISTICOS SL zu respektieren. Sie d\u00fcrfen die Elemente des Portals ansehen und sogar ausdrucken, kopieren und auf der Festplatte Ihres Computers oder auf einem anderen physischen Medium speichern, vorausgesetzt, dass dies einzig und allein zu Ihrem pers\u00f6nlichen und privaten Gebrauch geschieht. Der Nutzer muss es unterlassen, Schutzvorrichtungen oder Sicherheitssysteme, die auf den Seiten von TOMIR SERVICIOS TURISTICOS SL installiert wurden, zu l\u00f6schen, zu ver\u00e4ndern, zu umgehen oder zu manipulieren.<\/p>\n<p><strong>KLAGEN, ANWENDBARES RECHT UND GERICHTSBARKEIT<\/strong><\/p>\n<p>TOMIR SERVICIOS TURISTICOS SL beh\u00e4lt sich au\u00dferdem das Recht vor, zivil- oder strafrechtliche Schritte einzuleiten, die es f\u00fcr die missbr\u00e4uchliche Nutzung seiner Website und seiner Inhalte oder f\u00fcr die Nichteinhaltung von Vorschriften f\u00fcr angemessen h\u00e4lt. Die Beziehung zwischen dem Nutzer und dem Anbieter unterliegt den geltenden und auf spanischem Gebiet anwendbaren Vorschriften. Im Falle von Streitigkeiten k\u00f6nnen die Parteien ihre Streitigkeiten einem Schiedsgericht oder den ordentlichen Gerichten gem\u00e4\u00df den diesbez\u00fcglichen Zust\u00e4ndigkeits- und Kompetenzregeln vorlegen. TOMIR SERVICIOS TURISTICOS SL befindet sich in ILLES BALEARS, Spanien. Bei auf elektronischem Wege geschlossenen Vertr\u00e4gen, an denen ein Verbraucher als Partei beteiligt ist, wird davon ausgegangen, dass sie an dem Ort geschlossen wurden, an dem der Verbraucher seinen gew\u00f6hnlichen Aufenthalt hat. Bei elektronischen Vertr\u00e4gen zwischen Unternehmern oder Freiberuflern wird in Ermangelung einer Vereinbarung zwischen den Parteien davon ausgegangen, dass sie an dem Ort geschlossen wurden, an dem der Diensteanbieter niedergelassen ist.<\/p>\n<p>[\/et_pb_text][\/et_pb_column][\/et_pb_row][\/et_pb_section][et_pb_section fb_built=&#8220;1&#8243; _builder_version=&#8220;4.20.2&#8243; _module_preset=&#8220;default&#8220; global_colors_info=&#8220;{}&#8220; theme_builder_area=&#8220;post_content&#8220;][et_pb_row column_structure=&#8220;1_2,1_2&#8243; _builder_version=&#8220;4.20.2&#8243; _module_preset=&#8220;default&#8220; global_colors_info=&#8220;{}&#8220; theme_builder_area=&#8220;post_content&#8220;][et_pb_column type=&#8220;1_2&#8243; _builder_version=&#8220;4.20.2&#8243; _module_preset=&#8220;default&#8220; global_colors_info=&#8220;{}&#8220; theme_builder_area=&#8220;post_content&#8220;][et_pb_image src=&#8220;https:\/\/tomirguiasmallorca.com\/wp-content\/uploads\/2023\/03\/ES-Financiado-por-la-Union-Europea_POS-min-1.png&#8220; title_text=&#8220;DE-Finanziert-durch-die-Europ\u00e4ische-Union_POS-min-1&#8243; align=&#8220;right&#8220; align_phone=&#8220;center&#8220; align_last_edited=&#8220;off|phone&#8220; _builder_version=&#8220;4.21.0&#8243; _module_preset=&#8220;default&#8220; width=&#8220;225px&#8220; global_colors_info=&#8220;{}&#8220; theme_builder_area=&#8220;post_content&#8220;][\/et_pb_image][\/et_pb_column][et_pb_column type=&#8220;1_2&#8243; _builder_version=&#8220;4.20.2&#8243; _module_preset=&#8220;default&#8220; global_colors_info=&#8220;{}&#8220; theme_builder_area=&#8220;post_content&#8220;][et_pb_image src=&#8220;https:\/\/tomirguiasmallorca.com\/wp-content\/uploads\/2023\/03\/LOGO-COLOR-min-1.png&#8220; title_text=&#8220;LOGO-COLOR-min-1&#8243; align_tablet=&#8220;&#8220; align_phone=&#8220;center&#8220; align_last_edited=&#8220;on|phone&#8220; _builder_version=&#8220;4.21.0&#8243; _module_preset=&#8220;default&#8220; width=&#8220;225px&#8220; global_colors_info=&#8220;{}&#8220; theme_builder_area=&#8220;post_content&#8220;][\/et_pb_image][\/et_pb_column][\/et_pb_row][\/et_pb_section]<\/p>\n","protected":false},"excerpt":{"rendered":"<p>In \u00dcbereinstimmung mit dem Gesetz 34\/2002 vom 11. Juli \u00fcber die Dienste der Informationsgesellschaft und den elektronischen Handel (LSSI-CE) informiert TOMIR SERVICIOS TURISTICOS SL, dass es der Eigent\u00fcmer der Website ist. In \u00dcbereinstimmung mit den Anforderungen von Artikel 10 des oben genannten Gesetzes informiert TOMIR SERVICIOS TURISTICOS SL \u00fcber die folgenden Daten: NAME DES UNTERNEHMENS:TOMIR SERVICIOS TURISTICOS SLUMSATZSTEUER-IDENTIFIKATIONSNUMMER: B57929309POSTANSCHRIFT: TER 27 ,1\u00baPLANTA. B\u00dcRO 2 07009, PALMA DE MALLORCA (ILLES BALEARS)E-MAIL ADRESSE: INFO@TOMIRGUIASMALLORCA.COMTELEFONIE: 610216126REGISTRO MERCANTIL: Band 2631, Folio 1, Seite 1, Blatt PM-77280 und Eintrag 1HAUPTZWECK: Fremdenf\u00fchrer und touristische Dienstleistungen BENUTZER- UND HAFTUNGSREGELUNG Das Browsen, der Zugang und die Nutzung der Website von TOMIR SERVICIOS TURISTICOS SL stellt eine Benutzungsbedingung dar, mit der Sie durch das Browsen auf der Website von TOMIR SERVICIOS TURISTICOS SL alle hier festgelegten Nutzungsbedingungen akzeptieren, unbeschadet der Anwendung der entsprechenden Vorschriften zur Einhaltung der gesetzlichen Bestimmungen. Die Website von TOMIR SERVICIOS TURISTICOS SL bietet eine breite Palette von Informationen, Dienstleistungen und Daten. Der Nutzer \u00fcbernimmt die Verantwortung f\u00fcr die korrekte Nutzung der Website. Diese Verantwortung erstreckt sich auf:- Die Richtigkeit und Rechtm\u00e4\u00dfigkeit der Angaben, die der Nutzer in den von TOMIR SERVICIOS TURISTICOS SL bereitgestellten Formularen f\u00fcr den Zugang zu bestimmten Inhalten oder Diensten auf der [&hellip;]<\/p>\n","protected":false},"author":1,"featured_media":0,"parent":0,"menu_order":0,"comment_status":"closed","ping_status":"closed","template":"","meta":{"_et_pb_use_builder":"on","_et_pb_old_content":"","_et_gb_content_width":"","footnotes":""},"class_list":["post-384","page","type-page","status-publish","hentry"],"yoast_head":"<!-- This site is optimized with the Yoast SEO plugin v27.3 - https:\/\/yoast.com\/product\/yoast-seo-wordpress\/ -->\n<title>Rechtlicher Hinweis - Gu\u00edas Tur\u00edsticos Tomir<\/title>\n<meta name=\"robots\" content=\"index, follow, max-snippet:-1, max-image-preview:large, max-video-preview:-1\" \/>\n<link rel=\"canonical\" href=\"https:\/\/tomirguiasmallorca.com\/de\/rechtlicher-hinweis\/\" \/>\n<meta property=\"og:locale\" content=\"de_DE\" \/>\n<meta property=\"og:type\" content=\"article\" \/>\n<meta property=\"og:title\" content=\"Rechtlicher Hinweis - Gu\u00edas Tur\u00edsticos Tomir\" \/>\n<meta property=\"og:description\" content=\"In \u00dcbereinstimmung mit dem Gesetz 34\/2002 vom 11. Juli \u00fcber die Dienste der Informationsgesellschaft und den elektronischen Handel (LSSI-CE) informiert TOMIR SERVICIOS TURISTICOS SL, dass es der Eigent\u00fcmer der Website ist. In \u00dcbereinstimmung mit den Anforderungen von Artikel 10 des oben genannten Gesetzes informiert TOMIR SERVICIOS TURISTICOS SL \u00fcber die folgenden Daten: NAME DES UNTERNEHMENS:TOMIR SERVICIOS TURISTICOS SLUMSATZSTEUER-IDENTIFIKATIONSNUMMER: B57929309POSTANSCHRIFT: TER 27 ,1\u00baPLANTA. B\u00dcRO 2 07009, PALMA DE MALLORCA (ILLES BALEARS)E-MAIL ADRESSE: INFO@TOMIRGUIASMALLORCA.COMTELEFONIE: 610216126REGISTRO MERCANTIL: Band 2631, Folio 1, Seite 1, Blatt PM-77280 und Eintrag 1HAUPTZWECK: Fremdenf\u00fchrer und touristische Dienstleistungen BENUTZER- UND HAFTUNGSREGELUNG Das Browsen, der Zugang und die Nutzung der Website von TOMIR SERVICIOS TURISTICOS SL stellt eine Benutzungsbedingung dar, mit der Sie durch das Browsen auf der Website von TOMIR SERVICIOS TURISTICOS SL alle hier festgelegten Nutzungsbedingungen akzeptieren, unbeschadet der Anwendung der entsprechenden Vorschriften zur Einhaltung der gesetzlichen Bestimmungen. Die Website von TOMIR SERVICIOS TURISTICOS SL bietet eine breite Palette von Informationen, Dienstleistungen und Daten. Der Nutzer \u00fcbernimmt die Verantwortung f\u00fcr die korrekte Nutzung der Website. Diese Verantwortung erstreckt sich auf:- Die Richtigkeit und Rechtm\u00e4\u00dfigkeit der Angaben, die der Nutzer in den von TOMIR SERVICIOS TURISTICOS SL bereitgestellten Formularen f\u00fcr den Zugang zu bestimmten Inhalten oder Diensten auf der [&hellip;]\" \/>\n<meta property=\"og:url\" content=\"https:\/\/tomirguiasmallorca.com\/de\/rechtlicher-hinweis\/\" \/>\n<meta property=\"og:site_name\" content=\"Gu\u00edas Tur\u00edsticos Tomir\" \/>\n<meta property=\"article:modified_time\" content=\"2024-06-03T08:02:53+00:00\" \/>\n<meta name=\"twitter:card\" content=\"summary_large_image\" \/>\n<meta name=\"twitter:label1\" content=\"Gesch\u00e4tzte Lesezeit\" \/>\n\t<meta name=\"twitter:data1\" content=\"6\u00a0Minuten\" \/>\n<script type=\"application\/ld+json\" class=\"yoast-schema-graph\">{\"@context\":\"https:\\\/\\\/schema.org\",\"@graph\":[{\"@type\":\"WebPage\",\"@id\":\"https:\\\/\\\/tomirguiasmallorca.com\\\/de\\\/rechtlicher-hinweis\\\/\",\"url\":\"https:\\\/\\\/tomirguiasmallorca.com\\\/de\\\/rechtlicher-hinweis\\\/\",\"name\":\"Rechtlicher Hinweis - Gu\u00edas Tur\u00edsticos Tomir\",\"isPartOf\":{\"@id\":\"https:\\\/\\\/tomirguiasmallorca.com\\\/de\\\/#website\"},\"datePublished\":\"2023-07-20T16:19:18+00:00\",\"dateModified\":\"2024-06-03T08:02:53+00:00\",\"breadcrumb\":{\"@id\":\"https:\\\/\\\/tomirguiasmallorca.com\\\/de\\\/rechtlicher-hinweis\\\/#breadcrumb\"},\"inLanguage\":\"de\",\"potentialAction\":[{\"@type\":\"ReadAction\",\"target\":[\"https:\\\/\\\/tomirguiasmallorca.com\\\/de\\\/rechtlicher-hinweis\\\/\"]}]},{\"@type\":\"BreadcrumbList\",\"@id\":\"https:\\\/\\\/tomirguiasmallorca.com\\\/de\\\/rechtlicher-hinweis\\\/#breadcrumb\",\"itemListElement\":[{\"@type\":\"ListItem\",\"position\":1,\"name\":\"Home\",\"item\":\"https:\\\/\\\/tomirguiasmallorca.com\\\/de\\\/\"},{\"@type\":\"ListItem\",\"position\":2,\"name\":\"Rechtlicher Hinweis\"}]},{\"@type\":\"WebSite\",\"@id\":\"https:\\\/\\\/tomirguiasmallorca.com\\\/de\\\/#website\",\"url\":\"https:\\\/\\\/tomirguiasmallorca.com\\\/de\\\/\",\"name\":\"Gu\u00edas Tur\u00edsticos Tomir\",\"description\":\"\",\"publisher\":{\"@id\":\"https:\\\/\\\/tomirguiasmallorca.com\\\/de\\\/#organization\"},\"potentialAction\":[{\"@type\":\"SearchAction\",\"target\":{\"@type\":\"EntryPoint\",\"urlTemplate\":\"https:\\\/\\\/tomirguiasmallorca.com\\\/de\\\/?s={search_term_string}\"},\"query-input\":{\"@type\":\"PropertyValueSpecification\",\"valueRequired\":true,\"valueName\":\"search_term_string\"}}],\"inLanguage\":\"de\"},{\"@type\":\"Organization\",\"@id\":\"https:\\\/\\\/tomirguiasmallorca.com\\\/de\\\/#organization\",\"name\":\"Gu\u00edas Tur\u00edsticos Tomir\",\"url\":\"https:\\\/\\\/tomirguiasmallorca.com\\\/de\\\/\",\"logo\":{\"@type\":\"ImageObject\",\"inLanguage\":\"de\",\"@id\":\"https:\\\/\\\/tomirguiasmallorca.com\\\/de\\\/#\\\/schema\\\/logo\\\/image\\\/\",\"url\":\"https:\\\/\\\/tomirguiasmallorca.com\\\/wp-content\\\/uploads\\\/2023\\\/04\\\/tomir-logo-new.svg\",\"contentUrl\":\"https:\\\/\\\/tomirguiasmallorca.com\\\/wp-content\\\/uploads\\\/2023\\\/04\\\/tomir-logo-new.svg\",\"width\":183,\"height\":57,\"caption\":\"Gu\u00edas Tur\u00edsticos Tomir\"},\"image\":{\"@id\":\"https:\\\/\\\/tomirguiasmallorca.com\\\/de\\\/#\\\/schema\\\/logo\\\/image\\\/\"}}]}<\/script>\n<!-- \/ Yoast SEO plugin. -->","yoast_head_json":{"title":"Rechtlicher Hinweis - Gu\u00edas Tur\u00edsticos Tomir","robots":{"index":"index","follow":"follow","max-snippet":"max-snippet:-1","max-image-preview":"max-image-preview:large","max-video-preview":"max-video-preview:-1"},"canonical":"https:\/\/tomirguiasmallorca.com\/de\/rechtlicher-hinweis\/","og_locale":"de_DE","og_type":"article","og_title":"Rechtlicher Hinweis - Gu\u00edas Tur\u00edsticos Tomir","og_description":"In \u00dcbereinstimmung mit dem Gesetz 34\/2002 vom 11. Juli \u00fcber die Dienste der Informationsgesellschaft und den elektronischen Handel (LSSI-CE) informiert TOMIR SERVICIOS TURISTICOS SL, dass es der Eigent\u00fcmer der Website ist. In \u00dcbereinstimmung mit den Anforderungen von Artikel 10 des oben genannten Gesetzes informiert TOMIR SERVICIOS TURISTICOS SL \u00fcber die folgenden Daten: NAME DES UNTERNEHMENS:TOMIR SERVICIOS TURISTICOS SLUMSATZSTEUER-IDENTIFIKATIONSNUMMER: B57929309POSTANSCHRIFT: TER 27 ,1\u00baPLANTA. B\u00dcRO 2 07009, PALMA DE MALLORCA (ILLES BALEARS)E-MAIL ADRESSE: INFO@TOMIRGUIASMALLORCA.COMTELEFONIE: 610216126REGISTRO MERCANTIL: Band 2631, Folio 1, Seite 1, Blatt PM-77280 und Eintrag 1HAUPTZWECK: Fremdenf\u00fchrer und touristische Dienstleistungen BENUTZER- UND HAFTUNGSREGELUNG Das Browsen, der Zugang und die Nutzung der Website von TOMIR SERVICIOS TURISTICOS SL stellt eine Benutzungsbedingung dar, mit der Sie durch das Browsen auf der Website von TOMIR SERVICIOS TURISTICOS SL alle hier festgelegten Nutzungsbedingungen akzeptieren, unbeschadet der Anwendung der entsprechenden Vorschriften zur Einhaltung der gesetzlichen Bestimmungen. Die Website von TOMIR SERVICIOS TURISTICOS SL bietet eine breite Palette von Informationen, Dienstleistungen und Daten. Der Nutzer \u00fcbernimmt die Verantwortung f\u00fcr die korrekte Nutzung der Website. Diese Verantwortung erstreckt sich auf:- Die Richtigkeit und Rechtm\u00e4\u00dfigkeit der Angaben, die der Nutzer in den von TOMIR SERVICIOS TURISTICOS SL bereitgestellten Formularen f\u00fcr den Zugang zu bestimmten Inhalten oder Diensten auf der [&hellip;]","og_url":"https:\/\/tomirguiasmallorca.com\/de\/rechtlicher-hinweis\/","og_site_name":"Gu\u00edas Tur\u00edsticos Tomir","article_modified_time":"2024-06-03T08:02:53+00:00","twitter_card":"summary_large_image","twitter_misc":{"Gesch\u00e4tzte Lesezeit":"6\u00a0Minuten"},"schema":{"@context":"https:\/\/schema.org","@graph":[{"@type":"WebPage","@id":"https:\/\/tomirguiasmallorca.com\/de\/rechtlicher-hinweis\/","url":"https:\/\/tomirguiasmallorca.com\/de\/rechtlicher-hinweis\/","name":"Rechtlicher Hinweis - Gu\u00edas Tur\u00edsticos Tomir","isPartOf":{"@id":"https:\/\/tomirguiasmallorca.com\/de\/#website"},"datePublished":"2023-07-20T16:19:18+00:00","dateModified":"2024-06-03T08:02:53+00:00","breadcrumb":{"@id":"https:\/\/tomirguiasmallorca.com\/de\/rechtlicher-hinweis\/#breadcrumb"},"inLanguage":"de","potentialAction":[{"@type":"ReadAction","target":["https:\/\/tomirguiasmallorca.com\/de\/rechtlicher-hinweis\/"]}]},{"@type":"BreadcrumbList","@id":"https:\/\/tomirguiasmallorca.com\/de\/rechtlicher-hinweis\/#breadcrumb","itemListElement":[{"@type":"ListItem","position":1,"name":"Home","item":"https:\/\/tomirguiasmallorca.com\/de\/"},{"@type":"ListItem","position":2,"name":"Rechtlicher Hinweis"}]},{"@type":"WebSite","@id":"https:\/\/tomirguiasmallorca.com\/de\/#website","url":"https:\/\/tomirguiasmallorca.com\/de\/","name":"Gu\u00edas Tur\u00edsticos Tomir","description":"","publisher":{"@id":"https:\/\/tomirguiasmallorca.com\/de\/#organization"},"potentialAction":[{"@type":"SearchAction","target":{"@type":"EntryPoint","urlTemplate":"https:\/\/tomirguiasmallorca.com\/de\/?s={search_term_string}"},"query-input":{"@type":"PropertyValueSpecification","valueRequired":true,"valueName":"search_term_string"}}],"inLanguage":"de"},{"@type":"Organization","@id":"https:\/\/tomirguiasmallorca.com\/de\/#organization","name":"Gu\u00edas Tur\u00edsticos Tomir","url":"https:\/\/tomirguiasmallorca.com\/de\/","logo":{"@type":"ImageObject","inLanguage":"de","@id":"https:\/\/tomirguiasmallorca.com\/de\/#\/schema\/logo\/image\/","url":"https:\/\/tomirguiasmallorca.com\/wp-content\/uploads\/2023\/04\/tomir-logo-new.svg","contentUrl":"https:\/\/tomirguiasmallorca.com\/wp-content\/uploads\/2023\/04\/tomir-logo-new.svg","width":183,"height":57,"caption":"Gu\u00edas Tur\u00edsticos Tomir"},"image":{"@id":"https:\/\/tomirguiasmallorca.com\/de\/#\/schema\/logo\/image\/"}}]}},"_links":{"self":[{"href":"https:\/\/tomirguiasmallorca.com\/de\/wp-json\/wp\/v2\/pages\/384","targetHints":{"allow":["GET"]}}],"collection":[{"href":"https:\/\/tomirguiasmallorca.com\/de\/wp-json\/wp\/v2\/pages"}],"about":[{"href":"https:\/\/tomirguiasmallorca.com\/de\/wp-json\/wp\/v2\/types\/page"}],"author":[{"embeddable":true,"href":"https:\/\/tomirguiasmallorca.com\/de\/wp-json\/wp\/v2\/users\/1"}],"replies":[{"embeddable":true,"href":"https:\/\/tomirguiasmallorca.com\/de\/wp-json\/wp\/v2\/comments?post=384"}],"version-history":[{"count":1,"href":"https:\/\/tomirguiasmallorca.com\/de\/wp-json\/wp\/v2\/pages\/384\/revisions"}],"predecessor-version":[{"id":395,"href":"https:\/\/tomirguiasmallorca.com\/de\/wp-json\/wp\/v2\/pages\/384\/revisions\/395"}],"wp:attachment":[{"href":"https:\/\/tomirguiasmallorca.com\/de\/wp-json\/wp\/v2\/media?parent=384"}],"curies":[{"name":"wp","href":"https:\/\/api.w.org\/{rel}","templated":true}]}}