{"id":398,"date":"2023-07-20T16:20:44","date_gmt":"2023-07-20T16:20:44","guid":{"rendered":"https:\/\/tomirguiasmallorca.com\/datenschutzbestimmungen\/"},"modified":"2024-06-03T08:02:53","modified_gmt":"2024-06-03T08:02:53","slug":"datenschutzbestimmungen","status":"publish","type":"page","link":"https:\/\/tomirguiasmallorca.com\/de\/datenschutzbestimmungen\/","title":{"rendered":"Datenschutzbestimmungen"},"content":{"rendered":"<p>[et_pb_section fb_built=&#8220;1&#8243; _builder_version=&#8220;4.20.2&#8243; _module_preset=&#8220;default&#8220; background_color=&#8220;RGBA(255,255,255,0)&#8220; custom_margin=&#8220;||||false|false&#8220; custom_padding=&#8220;0px||0px|||&#8220; global_colors_info=&#8220;{}&#8220; theme_builder_area=&#8220;post_content&#8220;][et_pb_row _builder_version=&#8220;4.20.2&#8243; _module_preset=&#8220;default&#8220; custom_padding=&#8220;160px||0px||false|&#8220; global_colors_info=&#8220;{}&#8220; theme_builder_area=&#8220;post_content&#8220;][et_pb_column type=&#8220;4_4&#8243; _builder_version=&#8220;4.20.2&#8243; _module_preset=&#8220;default&#8220; global_colors_info=&#8220;{}&#8220; theme_builder_area=&#8220;post_content&#8220;][et_pb_text _builder_version=&#8220;4.21.0&#8243; _dynamic_attributes=&#8220;content&#8220; _module_preset=&#8220;default&#8220; global_colors_info=&#8220;{}&#8220; theme_builder_area=&#8220;post_content&#8220;]@ET-DC@eyJkeW5hbWljIjp0cnVlLCJjb250ZW50IjoicG9zdF90aXRsZSIsInNldHRpbmdzIjp7ImJlZm9yZSI6IjxoMj4iLCJhZnRlciI6IjxcL2gyPiJ9fQ==@[\/et_pb_text][et_pb_text _builder_version=&#8220;4.21.0&#8243; _module_preset=&#8220;default&#8220; hover_enabled=&#8220;0&#8243; global_colors_info=&#8220;{}&#8220; theme_builder_area=&#8220;post_content&#8220; sticky_enabled=&#8220;0&#8243;]<\/p>\n<p><strong>Angaben zum Eigent\u00fcmer der Website:<\/strong><\/p>\n<p>NAME DES UNTERNEHMENS:TOMIR SERVICIOS TURISTICOS SL<br \/>UMSATZSTEUER-IDENTIFIKATIONSNUMMER: B57929309<br \/>POSTANSCHRIFT: TER 27 ,1\u00baPLANTA. DESPACHO 2 07009, PALMA DE MALLORCA (ILLES BALEARS)<br \/>E-MAIL ADRESSE: INFO@TOMIRGUIASMALLORCA.COM<br \/>TELEFONIE: 610216126<br \/>REGISTRO MERCANTIL: Band 2631, Folio 1, Seite 1, Blatt PM-77280, Eintrag 1<br \/>HAUPTZWECK: Fremdenf\u00fchrer und touristische Dienstleistungen<\/p>\n<p><strong>Datenschutz<\/strong><\/p>\n<p>In \u00dcbereinstimmung mit der geltenden Gesetzgebung zum Schutz personenbezogener Daten informieren wir Sie dar\u00fcber, dass Ihre Daten in das Verarbeitungssystem von TOMIR SERVICIOS TURISTICOS SL mit der NIF B57929309 und Sitz in TER 27, 1\u00baPLANTA aufgenommen werden. DESPACHO 2 07009, PALMA DE MALLORCA (ILLES BALEARS), und ihre jeweiligen Zwecke, Aufbewahrungsfristen und legitimen Grundlagen sind unten aufgef\u00fchrt. F\u00fcr die Behandlungen, die dies erfordern, informieren wir Sie auch \u00fcber die m\u00f6gliche Erstellung von Profilen und automatisierten Entscheidungen sowie \u00fcber die m\u00f6glichen Abtretungen und internationalen \u00dcbertragungen, die TOMIR SERVICIOS TURISTICOS SL plant:<\/p>\n<table>\n<tbody>\n<tr>\n<td colspan=\"2\">DURCHGEF\u00dcHRTE BEHANDLUNGEN<\/td>\n<\/tr>\n<tr>\n<td>Verwaltung der Website<\/td>\n<td>Zweck: Verarbeitung und Verwaltung von Daten, die f\u00fcr die Funktionalit\u00e4t der Website erforderlich sind.<br \/>Aufbewahrungsfrist: Solange die Zustimmung erteilt wird<br \/>Rechtm\u00e4\u00dfige Grundlage: Zustimmung der betroffenen Person<br \/>Art der Daten: Lediglich identifizierende Daten<br \/>Transfers: Nicht vorgesehen<br \/>Internationale \u00dcberweisungen: Nicht vorgesehen<br \/>Profiling: Kein Profiling vorgesehen<\/td>\n<\/tr>\n<tr>\n<td>Webformular<\/td>\n<td>Zweck: Beantwortung Ihrer Anfragen und\/oder W\u00fcnsche<br \/>Aufbewahrungsfrist: Solange die erteilte Zustimmung aufrechterhalten wird.<br \/>Rechtm\u00e4\u00dfige Grundlage: Einwilligung der betroffenen Person<br \/>Art der Daten: Rein identifizierende Daten<br \/>\u00dcberweisungen: Keine<br \/>Internationale \u00dcberweisungen: Nicht vorgesehen<br \/>Profiling: Kein Profiling vorgesehen<\/td>\n<\/tr>\n<tr>\n<td>Management der Einhaltung gesetzlicher Vorschriften<\/td>\n<td>Zweck: Verwaltung und Bearbeitung der Verpflichtungen und Aufgaben, die sich aus der Einhaltung der Vorschriften ergeben, denen das Unternehmen unterliegt.<br \/>Aufbewahrungsfrist: Aufbewahrung von Kopien von Dokumenten, bis die Verj\u00e4hrungsfrist f\u00fcr die Geltendmachung einer m\u00f6glichen Haftung abgelaufen ist.<br \/>Legitime Grundlage: Einhaltung eines Gesetzes<br \/>Art der Daten: Rein identifizierende Daten<br \/>Weitergabe: Ihre Daten werden, falls erforderlich, an zust\u00e4ndige Stellen und\/oder \u00f6ffentliche Verwaltungen weitergegeben, um die in den geltenden Vorschriften festgelegten Verpflichtungen zu erf\u00fcllen. Dar\u00fcber hinaus teilen wir Ihnen mit, dass die rechtm\u00e4\u00dfige Grundlage f\u00fcr die \u00dcbermittlung darin besteht, den in den geltenden Vorschriften festgelegten Verpflichtungen nachzukommen.<br \/>Internationale \u00dcberweisungen: Nicht vorgesehen<br \/>Profiling: Kein Profiling vorgesehen<\/td>\n<\/tr>\n<tr>\n<td>Kommerzielle Aktionen<\/td>\n<td>Zweck: Erfassung, Registrierung und Verarbeitung von Daten zum Zwecke der Werbung und kommerziellen Prospektion unserer Produkte und\/oder Dienstleistungen.<br \/>Aufbewahrungsfrist: Solange die Zustimmung erteilt wird<br \/>Rechtm\u00e4\u00dfige Grundlage: Einwilligung der betroffenen Person<br \/>Art der Daten: Rein identifizierende Daten<br \/>\u00dcberweisungen: Keine<br \/>Internationale \u00dcberweisungen: Nicht vorgesehen<br \/>Profiling: Es ist kein Profiling geplant.<\/td>\n<\/tr>\n<tr>\n<td>Verwaltung von Reservierungen<\/td>\n<td>Zweck: Registrierung und Verwaltung von Reservierungen<br \/>Aufbewahrungsfrist: 3 Jahre, in \u00dcbereinstimmung mit der Verordnung INT\/1922\/2003 vom 3. Juli \u00fcber Registerb\u00fccher und Eintragungsberichte f\u00fcr Reisende in Hotel- und Gastst\u00e4ttenbetrieben und anderen \u00e4hnlichen Betrieben.<br \/>Rechtm\u00e4\u00dfige Grundlage: Einwilligung der betroffenen Person<br \/>Art der Daten: Lediglich identifizierende Daten<br \/>\u00dcbermittlung: Ihre Daten werden gegebenenfalls an das Finanzamt, Banken und Sparkassen, Sicherheitskr\u00e4fte und zust\u00e4ndige Beh\u00f6rden weitergegeben, um die in den geltenden Vorschriften festgelegten Verwaltungs- und Sicherheitspflichten zu erf\u00fcllen. Dar\u00fcber hinaus teilen wir Ihnen mit, dass die rechtm\u00e4\u00dfige Grundlage f\u00fcr die \u00dcbermittlung darin besteht, den in den geltenden Vorschriften festgelegten Verpflichtungen nachzukommen.<br \/>Internationale \u00dcberweisungen: Nicht vorgesehen<br \/>Profiling: Es ist kein Profiling geplant.<\/td>\n<\/tr>\n<\/tbody>\n<\/table>\n<p>Rechte der betroffenen Personen<\/p>\n<p>TOMIR SERVICIOS TURISTICOS SL informiert die Nutzer dar\u00fcber, dass sie ihre Rechte auf Zugang, Berichtigung, Einschr\u00e4nkung, L\u00f6schung, \u00dcbertragbarkeit und Widerspruch gegen die Verarbeitung ihrer personenbezogenen Daten gegen\u00fcber dem f\u00fcr die Datenverarbeitung Verantwortlichen aus\u00fcben sowie die erteilte Einwilligung widerrufen k\u00f6nnen.<\/p>\n<p>&#8211; Auskunftsrecht: Dies ist das Recht des Nutzers, Informationen \u00fcber seine spezifischen personenbezogenen Daten und die durchgef\u00fchrte oder laufende Verarbeitung zu erhalten, sowie die verf\u00fcgbaren Informationen \u00fcber die Herkunft dieser Daten und die f\u00fcr diese Daten durchgef\u00fchrten oder geplanten Mitteilungen.<\/p>\n<p>&#8211; Recht auf Berichtigung: Dies ist das Recht der betroffenen Person, Daten, die sich als unrichtig oder unvollst\u00e4ndig erweisen, berichtigen zu lassen. Sie kann nur in Bezug auf Informationen erf\u00fcllt werden, die unter der Kontrolle der APP stehen, z.B. das L\u00f6schen von Kommentaren auf der Seite selbst, von Bildern oder Webinhalten, die pers\u00f6nliche Daten des Nutzers enthalten.<\/p>\n<p>&#8211; Recht auf Einschr\u00e4nkung der Verarbeitung: Dies ist das Recht, die urspr\u00fcnglich vom f\u00fcr die Verarbeitung Verantwortlichen beabsichtigten Zwecke der Verarbeitung einzuschr\u00e4nken.<\/p>\n<p>&#8211; Recht auf L\u00f6schung: Es handelt sich um das Recht, die personenbezogenen Daten des Nutzers zu l\u00f6schen, mit Ausnahme der Bestimmungen der RGPD selbst oder anderer anwendbarer Vorschriften, die den obligatorischen Charakter der Aufbewahrung derselben in Zeit und Form festlegen.<\/p>\n<p>&#8211; Recht auf \u00dcbertragbarkeit: Das Recht, die vom Nutzer zur Verf\u00fcgung gestellten personenbezogenen Daten in einem strukturierten, allgemein gebr\u00e4uchlichen und maschinenlesbaren Format zu erhalten und sie an einen anderen f\u00fcr die Datenverarbeitung Verantwortlichen zu \u00fcbermitteln.<\/p>\n<p>&#8211; Widerspruchsrecht: Dies ist das Recht des Nutzers, die Verarbeitung seiner personenbezogenen Daten zu verweigern oder die Verarbeitung dieser Daten durch die APP zu beenden.<\/p>\n<p>Um eines der oben beschriebenen Rechte aus\u00fcben zu k\u00f6nnen, m\u00fcssen Sie die folgenden Anforderungen erf\u00fcllen:<\/p>\n<p>Indem Sie einen Brief an die Adresse TER 27 ,1\u00baPLANTA senden. DESPACHO 2 07009, PALMA DE MALLORCA (ILLES BALEARS) (zu H\u00e4nden von TOMIR SERVICIOS TURISTICOS SL) oder per E-Mail an INFO@TOMIRGUIASMALLORCA.COM.<\/p>\n<p>&#8211; Das Schreiben, mit dem die betroffene Person um die Aus\u00fcbung der Rechte bittet, muss den folgenden rechtlichen Anforderungen entsprechen:<\/p>\n<p>o Name, Nachname(n) des Interessenten und eine Kopie der DNI\/NIE oder eines anderen Ausweises. In den Ausnahmef\u00e4llen, in denen eine Vertretung zul\u00e4ssig ist, m\u00fcssen Sie auf die gleiche Weise die Person, die Sie vertritt, sowie die Urkunde, mit der die Vertretung anerkannt wird, angeben. Die Fotokopie des Personalausweises kann ersetzt werden, sofern die Identit\u00e4t durch ein anderes rechtsg\u00fcltiges Mittel nachgewiesen wird.<br \/>o Antrag, in dem der Antrag gestellt wird. (\u00dcbung, in der Sie die Informationen, auf die Sie zugreifen m\u00f6chten, anfordern). Wenn Sie sich nicht auf eine bestimmte Datei beziehen, stellen wir Ihnen alle Informationen zur Verf\u00fcgung, die wir \u00fcber Ihre pers\u00f6nlichen Daten haben. Wenn Sie Informationen zu einer bestimmten Datei anfordern, werden nur die Informationen zu dieser Datei angezeigt. Wenn Sie Informationen \u00fcber eine dritte Person anfordern, k\u00f6nnen diese niemals bereitgestellt werden. Wenn Sie diese telefonisch anfordern, werden Sie angewiesen, dies schriftlich zu tun, und Sie werden dar\u00fcber informiert, wie Sie dies tun k\u00f6nnen und an welche Adresse Sie es senden m\u00fcssen. Sie erhalten niemals Informationen am Telefon.<br \/>o Adresse f\u00fcr die Zwecke der Benachrichtigung.<br \/>o Datum und Unterschrift des Antragstellers.<br \/>o Dokumente, die den Antrag, den Sie stellen, best\u00e4tigen.<br \/>o Die interessierte Partei muss mit allen Mitteln nachweisen, dass der Antrag gesendet und empfangen wurde.<\/p>\n<p>Schlie\u00dflich informieren wir Sie dar\u00fcber, dass Sie das Recht haben, eine Beschwerde bei der spanischen Datenschutzbeh\u00f6rde einzureichen, wenn Sie von einem Vorfall erfahren oder der Meinung sind, dass dieser einen Versto\u00df gegen die geltenden Datenschutzbestimmungen darstellt.<\/p>\n<p>TOMIR SERVICIOS TURISTICOS SL verpflichtet sich, die notwendigen technischen und organisatorischen Ma\u00dfnahmen zu ergreifen, um die Integrit\u00e4t, Vertraulichkeit und Verf\u00fcgbarkeit der Daten zu gew\u00e4hrleisten, je nach dem Grad der Risiken, die mit der von ihnen durchgef\u00fchrten Verarbeitung einhergehen und die im Abschnitt der Nutzungsbedingungen angegeben sind.<\/p>\n<p>[\/et_pb_text][\/et_pb_column][\/et_pb_row][\/et_pb_section][et_pb_section fb_built=&#8220;1&#8243; _builder_version=&#8220;4.20.2&#8243; _module_preset=&#8220;default&#8220; global_colors_info=&#8220;{}&#8220; theme_builder_area=&#8220;post_content&#8220;][et_pb_row column_structure=&#8220;1_2,1_2&#8243; _builder_version=&#8220;4.20.2&#8243; _module_preset=&#8220;default&#8220; global_colors_info=&#8220;{}&#8220; theme_builder_area=&#8220;post_content&#8220;][et_pb_column type=&#8220;1_2&#8243; _builder_version=&#8220;4.20.2&#8243; _module_preset=&#8220;default&#8220; global_colors_info=&#8220;{}&#8220; theme_builder_area=&#8220;post_content&#8220;][et_pb_image src=&#8220;https:\/\/tomirguiasmallorca.com\/wp-content\/uploads\/2023\/03\/ES-Financiado-por-la-Union-Europea_POS-min-1.png&#8220; title_text=&#8220;DE-Finanziert-durch-die-Europ\u00e4ische-Union_POS-min-1&#8243; align=&#8220;right&#8220; align_phone=&#8220;center&#8220; align_last_edited=&#8220;off|phone&#8220; _builder_version=&#8220;4.21.0&#8243; _module_preset=&#8220;default&#8220; width=&#8220;225px&#8220; global_colors_info=&#8220;{}&#8220; theme_builder_area=&#8220;post_content&#8220;][\/et_pb_image][\/et_pb_column][et_pb_column type=&#8220;1_2&#8243; _builder_version=&#8220;4.20.2&#8243; _module_preset=&#8220;default&#8220; global_colors_info=&#8220;{}&#8220; theme_builder_area=&#8220;post_content&#8220;][et_pb_image src=&#8220;https:\/\/tomirguiasmallorca.com\/wp-content\/uploads\/2023\/03\/LOGO-COLOR-min-1.png&#8220; title_text=&#8220;LOGO-COLOR-min-1&#8243; align_tablet=&#8220;&#8220; align_phone=&#8220;center&#8220; align_last_edited=&#8220;on|phone&#8220; _builder_version=&#8220;4.21.0&#8243; _module_preset=&#8220;default&#8220; width=&#8220;225px&#8220; global_colors_info=&#8220;{}&#8220; theme_builder_area=&#8220;post_content&#8220;][\/et_pb_image][\/et_pb_column][\/et_pb_row][\/et_pb_section]<\/p>\n","protected":false},"excerpt":{"rendered":"<p>Angaben zum Eigent\u00fcmer der Website: NAME DES UNTERNEHMENS:TOMIR SERVICIOS TURISTICOS SLUMSATZSTEUER-IDENTIFIKATIONSNUMMER: B57929309POSTANSCHRIFT: TER 27 ,1\u00baPLANTA. DESPACHO 2 07009, PALMA DE MALLORCA (ILLES BALEARS)E-MAIL ADRESSE: INFO@TOMIRGUIASMALLORCA.COMTELEFONIE: 610216126REGISTRO MERCANTIL: Band 2631, Folio 1, Seite 1, Blatt PM-77280, Eintrag 1HAUPTZWECK: Fremdenf\u00fchrer und touristische Dienstleistungen Datenschutz In \u00dcbereinstimmung mit der geltenden Gesetzgebung zum Schutz personenbezogener Daten informieren wir Sie dar\u00fcber, dass Ihre Daten in das Verarbeitungssystem von TOMIR SERVICIOS TURISTICOS SL mit der NIF B57929309 und Sitz in TER 27, 1\u00baPLANTA aufgenommen werden. DESPACHO 2 07009, PALMA DE MALLORCA (ILLES BALEARS), und ihre jeweiligen Zwecke, Aufbewahrungsfristen und legitimen Grundlagen sind unten aufgef\u00fchrt. F\u00fcr die Behandlungen, die dies erfordern, informieren wir Sie auch \u00fcber die m\u00f6gliche Erstellung von Profilen und automatisierten Entscheidungen sowie \u00fcber die m\u00f6glichen Abtretungen und internationalen \u00dcbertragungen, die TOMIR SERVICIOS TURISTICOS SL plant: DURCHGEF\u00dcHRTE BEHANDLUNGEN Verwaltung der Website Zweck: Verarbeitung und Verwaltung von Daten, die f\u00fcr die Funktionalit\u00e4t der Website erforderlich sind.Aufbewahrungsfrist: Solange die Zustimmung erteilt wirdRechtm\u00e4\u00dfige Grundlage: Zustimmung der betroffenen PersonArt der Daten: Lediglich identifizierende DatenTransfers: Nicht vorgesehenInternationale \u00dcberweisungen: Nicht vorgesehenProfiling: Kein Profiling vorgesehen Webformular Zweck: Beantwortung Ihrer Anfragen und\/oder W\u00fcnscheAufbewahrungsfrist: Solange die erteilte Zustimmung aufrechterhalten wird.Rechtm\u00e4\u00dfige Grundlage: Einwilligung der betroffenen PersonArt der Daten: Rein identifizierende Daten\u00dcberweisungen: KeineInternationale \u00dcberweisungen: Nicht vorgesehenProfiling: [&hellip;]<\/p>\n","protected":false},"author":1,"featured_media":0,"parent":0,"menu_order":0,"comment_status":"closed","ping_status":"closed","template":"","meta":{"_et_pb_use_builder":"on","_et_pb_old_content":"","_et_gb_content_width":"","footnotes":""},"class_list":["post-398","page","type-page","status-publish","hentry"],"yoast_head":"<!-- This site is optimized with the Yoast SEO plugin v27.3 - https:\/\/yoast.com\/product\/yoast-seo-wordpress\/ -->\n<title>Datenschutzbestimmungen - Gu\u00edas Tur\u00edsticos Tomir<\/title>\n<meta name=\"robots\" content=\"index, follow, max-snippet:-1, max-image-preview:large, max-video-preview:-1\" \/>\n<link rel=\"canonical\" href=\"https:\/\/tomirguiasmallorca.com\/de\/datenschutzbestimmungen\/\" \/>\n<meta property=\"og:locale\" content=\"de_DE\" \/>\n<meta property=\"og:type\" content=\"article\" \/>\n<meta property=\"og:title\" content=\"Datenschutzbestimmungen - Gu\u00edas Tur\u00edsticos Tomir\" \/>\n<meta property=\"og:description\" content=\"Angaben zum Eigent\u00fcmer der Website: NAME DES UNTERNEHMENS:TOMIR SERVICIOS TURISTICOS SLUMSATZSTEUER-IDENTIFIKATIONSNUMMER: B57929309POSTANSCHRIFT: TER 27 ,1\u00baPLANTA. DESPACHO 2 07009, PALMA DE MALLORCA (ILLES BALEARS)E-MAIL ADRESSE: INFO@TOMIRGUIASMALLORCA.COMTELEFONIE: 610216126REGISTRO MERCANTIL: Band 2631, Folio 1, Seite 1, Blatt PM-77280, Eintrag 1HAUPTZWECK: Fremdenf\u00fchrer und touristische Dienstleistungen Datenschutz In \u00dcbereinstimmung mit der geltenden Gesetzgebung zum Schutz personenbezogener Daten informieren wir Sie dar\u00fcber, dass Ihre Daten in das Verarbeitungssystem von TOMIR SERVICIOS TURISTICOS SL mit der NIF B57929309 und Sitz in TER 27, 1\u00baPLANTA aufgenommen werden. DESPACHO 2 07009, PALMA DE MALLORCA (ILLES BALEARS), und ihre jeweiligen Zwecke, Aufbewahrungsfristen und legitimen Grundlagen sind unten aufgef\u00fchrt. F\u00fcr die Behandlungen, die dies erfordern, informieren wir Sie auch \u00fcber die m\u00f6gliche Erstellung von Profilen und automatisierten Entscheidungen sowie \u00fcber die m\u00f6glichen Abtretungen und internationalen \u00dcbertragungen, die TOMIR SERVICIOS TURISTICOS SL plant: DURCHGEF\u00dcHRTE BEHANDLUNGEN Verwaltung der Website Zweck: Verarbeitung und Verwaltung von Daten, die f\u00fcr die Funktionalit\u00e4t der Website erforderlich sind.Aufbewahrungsfrist: Solange die Zustimmung erteilt wirdRechtm\u00e4\u00dfige Grundlage: Zustimmung der betroffenen PersonArt der Daten: Lediglich identifizierende DatenTransfers: Nicht vorgesehenInternationale \u00dcberweisungen: Nicht vorgesehenProfiling: Kein Profiling vorgesehen Webformular Zweck: Beantwortung Ihrer Anfragen und\/oder W\u00fcnscheAufbewahrungsfrist: Solange die erteilte Zustimmung aufrechterhalten wird.Rechtm\u00e4\u00dfige Grundlage: Einwilligung der betroffenen PersonArt der Daten: Rein identifizierende Daten\u00dcberweisungen: KeineInternationale \u00dcberweisungen: Nicht vorgesehenProfiling: [&hellip;]\" \/>\n<meta property=\"og:url\" content=\"https:\/\/tomirguiasmallorca.com\/de\/datenschutzbestimmungen\/\" \/>\n<meta property=\"og:site_name\" content=\"Gu\u00edas Tur\u00edsticos Tomir\" \/>\n<meta property=\"article:modified_time\" content=\"2024-06-03T08:02:53+00:00\" \/>\n<meta name=\"twitter:card\" content=\"summary_large_image\" \/>\n<meta name=\"twitter:label1\" content=\"Gesch\u00e4tzte Lesezeit\" \/>\n\t<meta name=\"twitter:data1\" content=\"7\u00a0Minuten\" \/>\n<script type=\"application\/ld+json\" class=\"yoast-schema-graph\">{\"@context\":\"https:\\\/\\\/schema.org\",\"@graph\":[{\"@type\":\"WebPage\",\"@id\":\"https:\\\/\\\/tomirguiasmallorca.com\\\/de\\\/datenschutzbestimmungen\\\/\",\"url\":\"https:\\\/\\\/tomirguiasmallorca.com\\\/de\\\/datenschutzbestimmungen\\\/\",\"name\":\"Datenschutzbestimmungen - Gu\u00edas Tur\u00edsticos Tomir\",\"isPartOf\":{\"@id\":\"https:\\\/\\\/tomirguiasmallorca.com\\\/de\\\/#website\"},\"datePublished\":\"2023-07-20T16:20:44+00:00\",\"dateModified\":\"2024-06-03T08:02:53+00:00\",\"breadcrumb\":{\"@id\":\"https:\\\/\\\/tomirguiasmallorca.com\\\/de\\\/datenschutzbestimmungen\\\/#breadcrumb\"},\"inLanguage\":\"de\",\"potentialAction\":[{\"@type\":\"ReadAction\",\"target\":[\"https:\\\/\\\/tomirguiasmallorca.com\\\/de\\\/datenschutzbestimmungen\\\/\"]}]},{\"@type\":\"BreadcrumbList\",\"@id\":\"https:\\\/\\\/tomirguiasmallorca.com\\\/de\\\/datenschutzbestimmungen\\\/#breadcrumb\",\"itemListElement\":[{\"@type\":\"ListItem\",\"position\":1,\"name\":\"Home\",\"item\":\"https:\\\/\\\/tomirguiasmallorca.com\\\/de\\\/\"},{\"@type\":\"ListItem\",\"position\":2,\"name\":\"Datenschutzbestimmungen\"}]},{\"@type\":\"WebSite\",\"@id\":\"https:\\\/\\\/tomirguiasmallorca.com\\\/de\\\/#website\",\"url\":\"https:\\\/\\\/tomirguiasmallorca.com\\\/de\\\/\",\"name\":\"Gu\u00edas Tur\u00edsticos Tomir\",\"description\":\"\",\"publisher\":{\"@id\":\"https:\\\/\\\/tomirguiasmallorca.com\\\/de\\\/#organization\"},\"potentialAction\":[{\"@type\":\"SearchAction\",\"target\":{\"@type\":\"EntryPoint\",\"urlTemplate\":\"https:\\\/\\\/tomirguiasmallorca.com\\\/de\\\/?s={search_term_string}\"},\"query-input\":{\"@type\":\"PropertyValueSpecification\",\"valueRequired\":true,\"valueName\":\"search_term_string\"}}],\"inLanguage\":\"de\"},{\"@type\":\"Organization\",\"@id\":\"https:\\\/\\\/tomirguiasmallorca.com\\\/de\\\/#organization\",\"name\":\"Gu\u00edas Tur\u00edsticos Tomir\",\"url\":\"https:\\\/\\\/tomirguiasmallorca.com\\\/de\\\/\",\"logo\":{\"@type\":\"ImageObject\",\"inLanguage\":\"de\",\"@id\":\"https:\\\/\\\/tomirguiasmallorca.com\\\/de\\\/#\\\/schema\\\/logo\\\/image\\\/\",\"url\":\"https:\\\/\\\/tomirguiasmallorca.com\\\/wp-content\\\/uploads\\\/2023\\\/04\\\/tomir-logo-new.svg\",\"contentUrl\":\"https:\\\/\\\/tomirguiasmallorca.com\\\/wp-content\\\/uploads\\\/2023\\\/04\\\/tomir-logo-new.svg\",\"width\":183,\"height\":57,\"caption\":\"Gu\u00edas Tur\u00edsticos Tomir\"},\"image\":{\"@id\":\"https:\\\/\\\/tomirguiasmallorca.com\\\/de\\\/#\\\/schema\\\/logo\\\/image\\\/\"}}]}<\/script>\n<!-- \/ Yoast SEO plugin. -->","yoast_head_json":{"title":"Datenschutzbestimmungen - Gu\u00edas Tur\u00edsticos Tomir","robots":{"index":"index","follow":"follow","max-snippet":"max-snippet:-1","max-image-preview":"max-image-preview:large","max-video-preview":"max-video-preview:-1"},"canonical":"https:\/\/tomirguiasmallorca.com\/de\/datenschutzbestimmungen\/","og_locale":"de_DE","og_type":"article","og_title":"Datenschutzbestimmungen - Gu\u00edas Tur\u00edsticos Tomir","og_description":"Angaben zum Eigent\u00fcmer der Website: NAME DES UNTERNEHMENS:TOMIR SERVICIOS TURISTICOS SLUMSATZSTEUER-IDENTIFIKATIONSNUMMER: B57929309POSTANSCHRIFT: TER 27 ,1\u00baPLANTA. DESPACHO 2 07009, PALMA DE MALLORCA (ILLES BALEARS)E-MAIL ADRESSE: INFO@TOMIRGUIASMALLORCA.COMTELEFONIE: 610216126REGISTRO MERCANTIL: Band 2631, Folio 1, Seite 1, Blatt PM-77280, Eintrag 1HAUPTZWECK: Fremdenf\u00fchrer und touristische Dienstleistungen Datenschutz In \u00dcbereinstimmung mit der geltenden Gesetzgebung zum Schutz personenbezogener Daten informieren wir Sie dar\u00fcber, dass Ihre Daten in das Verarbeitungssystem von TOMIR SERVICIOS TURISTICOS SL mit der NIF B57929309 und Sitz in TER 27, 1\u00baPLANTA aufgenommen werden. DESPACHO 2 07009, PALMA DE MALLORCA (ILLES BALEARS), und ihre jeweiligen Zwecke, Aufbewahrungsfristen und legitimen Grundlagen sind unten aufgef\u00fchrt. F\u00fcr die Behandlungen, die dies erfordern, informieren wir Sie auch \u00fcber die m\u00f6gliche Erstellung von Profilen und automatisierten Entscheidungen sowie \u00fcber die m\u00f6glichen Abtretungen und internationalen \u00dcbertragungen, die TOMIR SERVICIOS TURISTICOS SL plant: DURCHGEF\u00dcHRTE BEHANDLUNGEN Verwaltung der Website Zweck: Verarbeitung und Verwaltung von Daten, die f\u00fcr die Funktionalit\u00e4t der Website erforderlich sind.Aufbewahrungsfrist: Solange die Zustimmung erteilt wirdRechtm\u00e4\u00dfige Grundlage: Zustimmung der betroffenen PersonArt der Daten: Lediglich identifizierende DatenTransfers: Nicht vorgesehenInternationale \u00dcberweisungen: Nicht vorgesehenProfiling: Kein Profiling vorgesehen Webformular Zweck: Beantwortung Ihrer Anfragen und\/oder W\u00fcnscheAufbewahrungsfrist: Solange die erteilte Zustimmung aufrechterhalten wird.Rechtm\u00e4\u00dfige Grundlage: Einwilligung der betroffenen PersonArt der Daten: Rein identifizierende Daten\u00dcberweisungen: KeineInternationale \u00dcberweisungen: Nicht vorgesehenProfiling: [&hellip;]","og_url":"https:\/\/tomirguiasmallorca.com\/de\/datenschutzbestimmungen\/","og_site_name":"Gu\u00edas Tur\u00edsticos Tomir","article_modified_time":"2024-06-03T08:02:53+00:00","twitter_card":"summary_large_image","twitter_misc":{"Gesch\u00e4tzte Lesezeit":"7\u00a0Minuten"},"schema":{"@context":"https:\/\/schema.org","@graph":[{"@type":"WebPage","@id":"https:\/\/tomirguiasmallorca.com\/de\/datenschutzbestimmungen\/","url":"https:\/\/tomirguiasmallorca.com\/de\/datenschutzbestimmungen\/","name":"Datenschutzbestimmungen - Gu\u00edas Tur\u00edsticos Tomir","isPartOf":{"@id":"https:\/\/tomirguiasmallorca.com\/de\/#website"},"datePublished":"2023-07-20T16:20:44+00:00","dateModified":"2024-06-03T08:02:53+00:00","breadcrumb":{"@id":"https:\/\/tomirguiasmallorca.com\/de\/datenschutzbestimmungen\/#breadcrumb"},"inLanguage":"de","potentialAction":[{"@type":"ReadAction","target":["https:\/\/tomirguiasmallorca.com\/de\/datenschutzbestimmungen\/"]}]},{"@type":"BreadcrumbList","@id":"https:\/\/tomirguiasmallorca.com\/de\/datenschutzbestimmungen\/#breadcrumb","itemListElement":[{"@type":"ListItem","position":1,"name":"Home","item":"https:\/\/tomirguiasmallorca.com\/de\/"},{"@type":"ListItem","position":2,"name":"Datenschutzbestimmungen"}]},{"@type":"WebSite","@id":"https:\/\/tomirguiasmallorca.com\/de\/#website","url":"https:\/\/tomirguiasmallorca.com\/de\/","name":"Gu\u00edas Tur\u00edsticos Tomir","description":"","publisher":{"@id":"https:\/\/tomirguiasmallorca.com\/de\/#organization"},"potentialAction":[{"@type":"SearchAction","target":{"@type":"EntryPoint","urlTemplate":"https:\/\/tomirguiasmallorca.com\/de\/?s={search_term_string}"},"query-input":{"@type":"PropertyValueSpecification","valueRequired":true,"valueName":"search_term_string"}}],"inLanguage":"de"},{"@type":"Organization","@id":"https:\/\/tomirguiasmallorca.com\/de\/#organization","name":"Gu\u00edas Tur\u00edsticos Tomir","url":"https:\/\/tomirguiasmallorca.com\/de\/","logo":{"@type":"ImageObject","inLanguage":"de","@id":"https:\/\/tomirguiasmallorca.com\/de\/#\/schema\/logo\/image\/","url":"https:\/\/tomirguiasmallorca.com\/wp-content\/uploads\/2023\/04\/tomir-logo-new.svg","contentUrl":"https:\/\/tomirguiasmallorca.com\/wp-content\/uploads\/2023\/04\/tomir-logo-new.svg","width":183,"height":57,"caption":"Gu\u00edas Tur\u00edsticos Tomir"},"image":{"@id":"https:\/\/tomirguiasmallorca.com\/de\/#\/schema\/logo\/image\/"}}]}},"_links":{"self":[{"href":"https:\/\/tomirguiasmallorca.com\/de\/wp-json\/wp\/v2\/pages\/398","targetHints":{"allow":["GET"]}}],"collection":[{"href":"https:\/\/tomirguiasmallorca.com\/de\/wp-json\/wp\/v2\/pages"}],"about":[{"href":"https:\/\/tomirguiasmallorca.com\/de\/wp-json\/wp\/v2\/types\/page"}],"author":[{"embeddable":true,"href":"https:\/\/tomirguiasmallorca.com\/de\/wp-json\/wp\/v2\/users\/1"}],"replies":[{"embeddable":true,"href":"https:\/\/tomirguiasmallorca.com\/de\/wp-json\/wp\/v2\/comments?post=398"}],"version-history":[{"count":1,"href":"https:\/\/tomirguiasmallorca.com\/de\/wp-json\/wp\/v2\/pages\/398\/revisions"}],"predecessor-version":[{"id":403,"href":"https:\/\/tomirguiasmallorca.com\/de\/wp-json\/wp\/v2\/pages\/398\/revisions\/403"}],"wp:attachment":[{"href":"https:\/\/tomirguiasmallorca.com\/de\/wp-json\/wp\/v2\/media?parent=398"}],"curies":[{"name":"wp","href":"https:\/\/api.w.org\/{rel}","templated":true}]}}